{"id":272,"date":"2021-02-02T10:54:12","date_gmt":"2021-02-02T10:54:12","guid":{"rendered":"https:\/\/esprityamak.com\/lart-du-deplacement\/"},"modified":"2023-11-23T17:23:33","modified_gmt":"2023-11-23T17:23:33","slug":"lart-du-deplacement","status":"publish","type":"page","link":"https:\/\/esprityamak.com\/fr\/","title":{"rendered":"L&rsquo;ART DU D\u00c9PLACEMENT"},"content":{"rendered":"\n<div class=\"wp-block-group alignwide\"><div class=\"wp-block-group__inner-container is-layout-flow wp-block-group-is-layout-flow\">\n<p class=\"has-text-align-center\"><\/p>\n\n\n\n<figure class=\"wp-block-image alignfull size-full\"><a href=\"https:\/\/esprityamak.com\/fr\/esprit-yamakasi-lettres-a-un-petit-frere\/\"><img loading=\"lazy\" decoding=\"async\" width=\"1417\" height=\"792\" src=\"https:\/\/esprityamak.com\/wp-content\/uploads\/2023\/10\/EspritYamakasi-LaurentPiemontesi-header.jpg\" alt=\"Esprit Yamakasi LaurentPiemontesi \" class=\"wp-image-446\" srcset=\"https:\/\/esprityamak.com\/wp-content\/uploads\/2023\/10\/EspritYamakasi-LaurentPiemontesi-header.jpg 1417w, https:\/\/esprityamak.com\/wp-content\/uploads\/2023\/10\/EspritYamakasi-LaurentPiemontesi-header-900x503.jpg 900w, https:\/\/esprityamak.com\/wp-content\/uploads\/2023\/10\/EspritYamakasi-LaurentPiemontesi-header-768x429.jpg 768w\" sizes=\"auto, 100vw\" \/><\/a><\/figure>\n\n\n\n<p>Le premier livre \u00e9crit int\u00e9gralement par l\u2019un d\u2019entre nous sur<strong>\u00a0l\u2019histoire Yamakasi<\/strong>\u00a0et celle de\u00a0<strong>l\u2019Art Du D\u00e9placement<\/strong>. Un t\u00e9moignage direct de Laurent Piemontesi sur les origines de la pratique qui permet de mieux comprendre comment l\u2019Art Du D\u00e9placement a su d\u00e9velopper une\u00a0<em><strong>philosophie<\/strong><\/em>\u00a0du mouvement coh\u00e9rente, d\u00e9passant le seul mouvement. <a href=\"https:\/\/esprityamak.com\/fr\/esprit-yamakasi-lettres-a-un-petit-frere\/\">\u2192<\/a><\/p>\n\n\n\n<p> <\/p>\n\n\n\n<div style=\"height:100px\" aria-hidden=\"true\" class=\"wp-block-spacer\"><\/div>\n\n\n\n<figure class=\"wp-block-image size-large\"><img loading=\"lazy\" decoding=\"async\" width=\"960\" height=\"960\" src=\"https:\/\/esprityamak.com\/wp-content\/uploads\/2020\/12\/Laurent-Piemontesi-dyhm.jpg\" alt=\"\" class=\"wp-image-100\" srcset=\"https:\/\/esprityamak.com\/wp-content\/uploads\/2020\/12\/Laurent-Piemontesi-dyhm.jpg 960w, https:\/\/esprityamak.com\/wp-content\/uploads\/2020\/12\/Laurent-Piemontesi-dyhm-900x900.jpg 900w, https:\/\/esprityamak.com\/wp-content\/uploads\/2020\/12\/Laurent-Piemontesi-dyhm-600x600.jpg 600w, https:\/\/esprityamak.com\/wp-content\/uploads\/2020\/12\/Laurent-Piemontesi-dyhm-768x768.jpg 768w, https:\/\/esprityamak.com\/wp-content\/uploads\/2020\/12\/Laurent-Piemontesi-dyhm-300x300.jpg 300w, https:\/\/esprityamak.com\/wp-content\/uploads\/2020\/12\/Laurent-Piemontesi-dyhm-150x150.jpg 150w\" sizes=\"auto, 100vw\" \/><\/figure>\n\n\n\n<div style=\"height:60px\" aria-hidden=\"true\" class=\"wp-block-spacer\"><\/div>\n\n\n\n<p class=\"has-text-align-center\">HISTOIRE ET CHRONIQUE <br>DE LA DISCIPLINE URBAINE <br>\u00c0 L&rsquo;ORIGINE DU PARKOUR <br>ET DU FREERUNNING<\/p>\n\n\n\n<div style=\"height:60px\" aria-hidden=\"true\" class=\"wp-block-spacer\"><\/div>\n\n\n\n<div class=\"wp-block-columns is-layout-flex wp-container-core-columns-is-layout-9d6595d7 wp-block-columns-is-layout-flex\">\n<div class=\"wp-block-column is-layout-flow wp-block-column-is-layout-flow\">\n<figure class=\"wp-block-image size-large\"><img loading=\"lazy\" decoding=\"async\" width=\"1600\" height=\"1600\" src=\"https:\/\/esprityamak.com\/wp-content\/uploads\/2020\/12\/Laurent-giorgella-sbarre-1b-1600x1600.jpg\" alt=\"\" class=\"wp-image-120\" srcset=\"https:\/\/esprityamak.com\/wp-content\/uploads\/2020\/12\/Laurent-giorgella-sbarre-1b-1600x1600.jpg 1600w, https:\/\/esprityamak.com\/wp-content\/uploads\/2020\/12\/Laurent-giorgella-sbarre-1b-900x900.jpg 900w, https:\/\/esprityamak.com\/wp-content\/uploads\/2020\/12\/Laurent-giorgella-sbarre-1b-600x600.jpg 600w, https:\/\/esprityamak.com\/wp-content\/uploads\/2020\/12\/Laurent-giorgella-sbarre-1b-768x768.jpg 768w, https:\/\/esprityamak.com\/wp-content\/uploads\/2020\/12\/Laurent-giorgella-sbarre-1b-1536x1536.jpg 1536w, https:\/\/esprityamak.com\/wp-content\/uploads\/2020\/12\/Laurent-giorgella-sbarre-1b-1800x1800.jpg 1800w, https:\/\/esprityamak.com\/wp-content\/uploads\/2020\/12\/Laurent-giorgella-sbarre-1b-1200x1200.jpg 1200w, https:\/\/esprityamak.com\/wp-content\/uploads\/2020\/12\/Laurent-giorgella-sbarre-1b.jpg 2000w\" sizes=\"auto, 100vw\" \/><\/figure>\n<\/div>\n\n\n\n<div class=\"wp-block-column is-layout-flow wp-block-column-is-layout-flow\">\n<figure class=\"wp-block-image size-large\"><img loading=\"lazy\" decoding=\"async\" width=\"1600\" height=\"1600\" src=\"https:\/\/esprityamak.com\/wp-content\/uploads\/2020\/12\/Laurent-giorgella-sbarre-2b-1600x1600.jpg\" alt=\"Laurent Piemontesi allenamento sbarre\" class=\"wp-image-121\" srcset=\"https:\/\/esprityamak.com\/wp-content\/uploads\/2020\/12\/Laurent-giorgella-sbarre-2b-1600x1600.jpg 1600w, https:\/\/esprityamak.com\/wp-content\/uploads\/2020\/12\/Laurent-giorgella-sbarre-2b-900x900.jpg 900w, https:\/\/esprityamak.com\/wp-content\/uploads\/2020\/12\/Laurent-giorgella-sbarre-2b-600x600.jpg 600w, https:\/\/esprityamak.com\/wp-content\/uploads\/2020\/12\/Laurent-giorgella-sbarre-2b-768x768.jpg 768w, https:\/\/esprityamak.com\/wp-content\/uploads\/2020\/12\/Laurent-giorgella-sbarre-2b-1536x1536.jpg 1536w, https:\/\/esprityamak.com\/wp-content\/uploads\/2020\/12\/Laurent-giorgella-sbarre-2b-1800x1800.jpg 1800w, https:\/\/esprityamak.com\/wp-content\/uploads\/2020\/12\/Laurent-giorgella-sbarre-2b-1200x1200.jpg 1200w, https:\/\/esprityamak.com\/wp-content\/uploads\/2020\/12\/Laurent-giorgella-sbarre-2b.jpg 2000w\" sizes=\"auto, 100vw\" \/><\/figure>\n<\/div>\n\n\n\n<div class=\"wp-block-column is-layout-flow wp-block-column-is-layout-flow\">\n<figure class=\"wp-block-image size-large\"><img loading=\"lazy\" decoding=\"async\" width=\"1600\" height=\"1600\" src=\"https:\/\/esprityamak.com\/wp-content\/uploads\/2020\/12\/Laurent-giorgella-sbarre-3b-1600x1600.jpg\" alt=\"Laurent Piemontesi demi-tour\" class=\"wp-image-122\" srcset=\"https:\/\/esprityamak.com\/wp-content\/uploads\/2020\/12\/Laurent-giorgella-sbarre-3b-1600x1600.jpg 1600w, https:\/\/esprityamak.com\/wp-content\/uploads\/2020\/12\/Laurent-giorgella-sbarre-3b-900x900.jpg 900w, https:\/\/esprityamak.com\/wp-content\/uploads\/2020\/12\/Laurent-giorgella-sbarre-3b-600x600.jpg 600w, https:\/\/esprityamak.com\/wp-content\/uploads\/2020\/12\/Laurent-giorgella-sbarre-3b-768x768.jpg 768w, https:\/\/esprityamak.com\/wp-content\/uploads\/2020\/12\/Laurent-giorgella-sbarre-3b-1536x1536.jpg 1536w, https:\/\/esprityamak.com\/wp-content\/uploads\/2020\/12\/Laurent-giorgella-sbarre-3b-1800x1800.jpg 1800w, https:\/\/esprityamak.com\/wp-content\/uploads\/2020\/12\/Laurent-giorgella-sbarre-3b-1200x1200.jpg 1200w, https:\/\/esprityamak.com\/wp-content\/uploads\/2020\/12\/Laurent-giorgella-sbarre-3b.jpg 2000w\" sizes=\"auto, 100vw\" \/><\/figure>\n\n\n\n<p class=\"has-text-align-center\">Ne l&rsquo;appellez pas palm-spin, <br>c&rsquo;est un&nbsp;<em>demi-tour<\/em><\/p>\n<\/div>\n<\/div>\n\n\n\n<p> <\/p>\n\n\n\n<p><\/p>\n<\/div><\/div>\n\n\n\n<p><\/p>\n","protected":false},"excerpt":{"rendered":"<p>Le premier livre \u00e9crit int\u00e9gralement par l\u2019un d\u2019entre nous sur\u00a0l\u2019histoire Yamakasi\u00a0et celle de\u00a0l\u2019Art Du D\u00e9placement. Un t\u00e9moignage direct de Laurent Piemontesi sur les origines de la pratique qui permet de mieux comprendre comment l\u2019Art Du D\u00e9placement a su d\u00e9velopper une\u00a0philosophie\u00a0du mouvement coh\u00e9rente, d\u00e9passant le seul mouvement. \u2192 HISTOIRE ET CHRONIQUE DE LA DISCIPLINE URBAINE \u00c0 [&hellip;]<\/p>\n","protected":false},"author":2,"featured_media":0,"parent":0,"menu_order":0,"comment_status":"closed","ping_status":"open","template":"","meta":{"footnotes":""},"class_list":["post-272","page","type-page","status-publish","hentry"],"yoast_head":"<!-- This site is optimized with the Yoast SEO plugin v27.1.1 - https:\/\/yoast.com\/product\/yoast-seo-wordpress\/ -->\n<title>L&#039;ART DU D\u00c9PLACEMENT &#8211; ESPRIT YAMAK<\/title>\n<meta name=\"robots\" content=\"index, follow, max-snippet:-1, max-image-preview:large, max-video-preview:-1\" \/>\n<link rel=\"canonical\" href=\"https:\/\/esprityamak.com\/fr\/\" \/>\n<meta property=\"og:locale\" content=\"fr_FR\" \/>\n<meta property=\"og:type\" content=\"article\" \/>\n<meta property=\"og:title\" content=\"L&#039;ART DU D\u00c9PLACEMENT &#8211; ESPRIT YAMAK\" \/>\n<meta property=\"og:description\" content=\"Le premier livre \u00e9crit int\u00e9gralement par l\u2019un d\u2019entre nous sur\u00a0l\u2019histoire Yamakasi\u00a0et celle de\u00a0l\u2019Art Du D\u00e9placement. Un t\u00e9moignage direct de Laurent Piemontesi sur les origines de la pratique qui permet de mieux comprendre comment l\u2019Art Du D\u00e9placement a su d\u00e9velopper une\u00a0philosophie\u00a0du mouvement coh\u00e9rente, d\u00e9passant le seul mouvement. \u2192 HISTOIRE ET CHRONIQUE DE LA DISCIPLINE URBAINE \u00c0 [&hellip;]\" \/>\n<meta property=\"og:url\" content=\"https:\/\/esprityamak.com\/fr\/\" \/>\n<meta property=\"og:site_name\" content=\"ESPRIT YAMAK\" \/>\n<meta property=\"article:publisher\" content=\"https:\/\/www.facebook.com\/laurent.piemontesi\" \/>\n<meta property=\"article:modified_time\" content=\"2023-11-23T17:23:33+00:00\" \/>\n<meta property=\"og:image\" content=\"https:\/\/esprityamak.com\/wp-content\/uploads\/2023\/10\/EspritYamakasi-LaurentPiemontesi-header.jpg\" \/>\n<meta name=\"twitter:card\" content=\"summary_large_image\" \/>\n<meta name=\"twitter:label1\" content=\"Dur\u00e9e de lecture estim\u00e9e\" \/>\n\t<meta name=\"twitter:data1\" content=\"2 minutes\" \/>\n<script type=\"application\/ld+json\" class=\"yoast-schema-graph\">{\"@context\":\"https:\/\/schema.org\",\"@graph\":[{\"@type\":\"WebPage\",\"@id\":\"https:\/\/esprityamak.com\/fr\/\",\"url\":\"https:\/\/esprityamak.com\/fr\/\",\"name\":\"L'ART DU D\u00c9PLACEMENT &#8211; ESPRIT YAMAK\",\"isPartOf\":{\"@id\":\"https:\/\/esprityamak.com\/fr\/#website\"},\"primaryImageOfPage\":{\"@id\":\"https:\/\/esprityamak.com\/fr\/#primaryimage\"},\"image\":{\"@id\":\"https:\/\/esprityamak.com\/fr\/#primaryimage\"},\"thumbnailUrl\":\"https:\/\/esprityamak.com\/wp-content\/uploads\/2023\/10\/EspritYamakasi-LaurentPiemontesi-header.jpg\",\"datePublished\":\"2021-02-02T10:54:12+00:00\",\"dateModified\":\"2023-11-23T17:23:33+00:00\",\"breadcrumb\":{\"@id\":\"https:\/\/esprityamak.com\/fr\/#breadcrumb\"},\"inLanguage\":\"fr-FR\",\"potentialAction\":[{\"@type\":\"ReadAction\",\"target\":[\"https:\/\/esprityamak.com\/fr\/\"]}]},{\"@type\":\"ImageObject\",\"inLanguage\":\"fr-FR\",\"@id\":\"https:\/\/esprityamak.com\/fr\/#primaryimage\",\"url\":\"https:\/\/esprityamak.com\/wp-content\/uploads\/2023\/10\/EspritYamakasi-LaurentPiemontesi-header.jpg\",\"contentUrl\":\"https:\/\/esprityamak.com\/wp-content\/uploads\/2023\/10\/EspritYamakasi-LaurentPiemontesi-header.jpg\"},{\"@type\":\"BreadcrumbList\",\"@id\":\"https:\/\/esprityamak.com\/fr\/#breadcrumb\",\"itemListElement\":[{\"@type\":\"ListItem\",\"position\":1,\"name\":\"Home\",\"item\":\"https:\/\/esprityamak.com\/fr\/\"},{\"@type\":\"ListItem\",\"position\":2,\"name\":\"L&#8217;ART DU D\u00c9PLACEMENT\"}]},{\"@type\":\"WebSite\",\"@id\":\"https:\/\/esprityamak.com\/fr\/#website\",\"url\":\"https:\/\/esprityamak.com\/fr\/\",\"name\":\"ESPRIT YAMAK\",\"description\":\"ART DU D\u00c9PLACEMENT by LAURENT PIEMONTESI\",\"publisher\":{\"@id\":\"https:\/\/esprityamak.com\/fr\/#organization\"},\"potentialAction\":[{\"@type\":\"SearchAction\",\"target\":{\"@type\":\"EntryPoint\",\"urlTemplate\":\"https:\/\/esprityamak.com\/fr\/?s={search_term_string}\"},\"query-input\":{\"@type\":\"PropertyValueSpecification\",\"valueRequired\":true,\"valueName\":\"search_term_string\"}}],\"inLanguage\":\"fr-FR\"},{\"@type\":\"Organization\",\"@id\":\"https:\/\/esprityamak.com\/fr\/#organization\",\"name\":\"Laurent Piemontesi\",\"url\":\"https:\/\/esprityamak.com\/fr\/\",\"logo\":{\"@type\":\"ImageObject\",\"inLanguage\":\"fr-FR\",\"@id\":\"https:\/\/esprityamak.com\/fr\/#\/schema\/logo\/image\/\",\"url\":\"https:\/\/esprityamak.com\/wp-content\/uploads\/2020\/11\/ADD-logo.png\",\"contentUrl\":\"https:\/\/esprityamak.com\/wp-content\/uploads\/2020\/11\/ADD-logo.png\",\"width\":2000,\"height\":2000,\"caption\":\"Laurent Piemontesi\"},\"image\":{\"@id\":\"https:\/\/esprityamak.com\/fr\/#\/schema\/logo\/image\/\"},\"sameAs\":[\"https:\/\/www.facebook.com\/laurent.piemontesi\",\"https:\/\/www.instagram.com\/laurentpiemontesi\/\"]}]}<\/script>\n<!-- \/ Yoast SEO plugin. -->","yoast_head_json":{"title":"L'ART DU D\u00c9PLACEMENT &#8211; ESPRIT YAMAK","robots":{"index":"index","follow":"follow","max-snippet":"max-snippet:-1","max-image-preview":"max-image-preview:large","max-video-preview":"max-video-preview:-1"},"canonical":"https:\/\/esprityamak.com\/fr\/","og_locale":"fr_FR","og_type":"article","og_title":"L'ART DU D\u00c9PLACEMENT &#8211; ESPRIT YAMAK","og_description":"Le premier livre \u00e9crit int\u00e9gralement par l\u2019un d\u2019entre nous sur\u00a0l\u2019histoire Yamakasi\u00a0et celle de\u00a0l\u2019Art Du D\u00e9placement. Un t\u00e9moignage direct de Laurent Piemontesi sur les origines de la pratique qui permet de mieux comprendre comment l\u2019Art Du D\u00e9placement a su d\u00e9velopper une\u00a0philosophie\u00a0du mouvement coh\u00e9rente, d\u00e9passant le seul mouvement. \u2192 HISTOIRE ET CHRONIQUE DE LA DISCIPLINE URBAINE \u00c0 [&hellip;]","og_url":"https:\/\/esprityamak.com\/fr\/","og_site_name":"ESPRIT YAMAK","article_publisher":"https:\/\/www.facebook.com\/laurent.piemontesi","article_modified_time":"2023-11-23T17:23:33+00:00","og_image":[{"url":"https:\/\/esprityamak.com\/wp-content\/uploads\/2023\/10\/EspritYamakasi-LaurentPiemontesi-header.jpg","type":"","width":"","height":""}],"twitter_card":"summary_large_image","twitter_misc":{"Dur\u00e9e de lecture estim\u00e9e":"2 minutes"},"schema":{"@context":"https:\/\/schema.org","@graph":[{"@type":"WebPage","@id":"https:\/\/esprityamak.com\/fr\/","url":"https:\/\/esprityamak.com\/fr\/","name":"L'ART DU D\u00c9PLACEMENT &#8211; ESPRIT YAMAK","isPartOf":{"@id":"https:\/\/esprityamak.com\/fr\/#website"},"primaryImageOfPage":{"@id":"https:\/\/esprityamak.com\/fr\/#primaryimage"},"image":{"@id":"https:\/\/esprityamak.com\/fr\/#primaryimage"},"thumbnailUrl":"https:\/\/esprityamak.com\/wp-content\/uploads\/2023\/10\/EspritYamakasi-LaurentPiemontesi-header.jpg","datePublished":"2021-02-02T10:54:12+00:00","dateModified":"2023-11-23T17:23:33+00:00","breadcrumb":{"@id":"https:\/\/esprityamak.com\/fr\/#breadcrumb"},"inLanguage":"fr-FR","potentialAction":[{"@type":"ReadAction","target":["https:\/\/esprityamak.com\/fr\/"]}]},{"@type":"ImageObject","inLanguage":"fr-FR","@id":"https:\/\/esprityamak.com\/fr\/#primaryimage","url":"https:\/\/esprityamak.com\/wp-content\/uploads\/2023\/10\/EspritYamakasi-LaurentPiemontesi-header.jpg","contentUrl":"https:\/\/esprityamak.com\/wp-content\/uploads\/2023\/10\/EspritYamakasi-LaurentPiemontesi-header.jpg"},{"@type":"BreadcrumbList","@id":"https:\/\/esprityamak.com\/fr\/#breadcrumb","itemListElement":[{"@type":"ListItem","position":1,"name":"Home","item":"https:\/\/esprityamak.com\/fr\/"},{"@type":"ListItem","position":2,"name":"L&#8217;ART DU D\u00c9PLACEMENT"}]},{"@type":"WebSite","@id":"https:\/\/esprityamak.com\/fr\/#website","url":"https:\/\/esprityamak.com\/fr\/","name":"ESPRIT YAMAK","description":"ART DU D\u00c9PLACEMENT by LAURENT PIEMONTESI","publisher":{"@id":"https:\/\/esprityamak.com\/fr\/#organization"},"potentialAction":[{"@type":"SearchAction","target":{"@type":"EntryPoint","urlTemplate":"https:\/\/esprityamak.com\/fr\/?s={search_term_string}"},"query-input":{"@type":"PropertyValueSpecification","valueRequired":true,"valueName":"search_term_string"}}],"inLanguage":"fr-FR"},{"@type":"Organization","@id":"https:\/\/esprityamak.com\/fr\/#organization","name":"Laurent Piemontesi","url":"https:\/\/esprityamak.com\/fr\/","logo":{"@type":"ImageObject","inLanguage":"fr-FR","@id":"https:\/\/esprityamak.com\/fr\/#\/schema\/logo\/image\/","url":"https:\/\/esprityamak.com\/wp-content\/uploads\/2020\/11\/ADD-logo.png","contentUrl":"https:\/\/esprityamak.com\/wp-content\/uploads\/2020\/11\/ADD-logo.png","width":2000,"height":2000,"caption":"Laurent Piemontesi"},"image":{"@id":"https:\/\/esprityamak.com\/fr\/#\/schema\/logo\/image\/"},"sameAs":["https:\/\/www.facebook.com\/laurent.piemontesi","https:\/\/www.instagram.com\/laurentpiemontesi\/"]}]}},"_links":{"self":[{"href":"https:\/\/esprityamak.com\/fr\/wp-json\/wp\/v2\/pages\/272","targetHints":{"allow":["GET"]}}],"collection":[{"href":"https:\/\/esprityamak.com\/fr\/wp-json\/wp\/v2\/pages"}],"about":[{"href":"https:\/\/esprityamak.com\/fr\/wp-json\/wp\/v2\/types\/page"}],"author":[{"embeddable":true,"href":"https:\/\/esprityamak.com\/fr\/wp-json\/wp\/v2\/users\/2"}],"replies":[{"embeddable":true,"href":"https:\/\/esprityamak.com\/fr\/wp-json\/wp\/v2\/comments?post=272"}],"version-history":[{"count":11,"href":"https:\/\/esprityamak.com\/fr\/wp-json\/wp\/v2\/pages\/272\/revisions"}],"predecessor-version":[{"id":477,"href":"https:\/\/esprityamak.com\/fr\/wp-json\/wp\/v2\/pages\/272\/revisions\/477"}],"wp:attachment":[{"href":"https:\/\/esprityamak.com\/fr\/wp-json\/wp\/v2\/media?parent=272"}],"curies":[{"name":"wp","href":"https:\/\/api.w.org\/{rel}","templated":true}]}}