{"id":344,"date":"2020-12-18T20:21:04","date_gmt":"2020-12-18T20:21:04","guid":{"rendered":"https:\/\/esprityamak.com\/training-philosophy-le-corps-pensant\/"},"modified":"2021-02-15T18:40:51","modified_gmt":"2021-02-15T18:40:51","slug":"training-philosophy-le-corps-pensant","status":"publish","type":"page","link":"https:\/\/esprityamak.com\/fr\/training-philosophy-le-corps-pensant\/","title":{"rendered":"Training philosophy, le corps pensant"},"content":{"rendered":"\n<p>Quand j\u2019affirme avoir d\u00e9couvert un mode de transmission, une p\u00e9dagogie, je ne pr\u00e9tends pas l\u2019avoir invent\u00e9 et je ne peux exclure que quelqu\u2019un d\u2019autre ait pu y penser avant. Par contre je l\u2019ai \u00e9labor\u00e9 en pratiquant, donc sur moi en tout premier lieu. Un peu comme un chercheur qui fait des essais sur un rat de laboratoire, sauf que le rat en question c\u2019\u00e9tait moi.<br>Depuis le temps que je m\u2019entraine, je ne me suis jamais \u00e9crit un programme d\u2019entrainement, j\u2019ai recueilli des donn\u00e9es et des informations que j\u2019ai archiv\u00e9 dans mon cerveau. Patiemment j\u2019ai pu imprimer dans ma t\u00eate et mon corps diff\u00e9rentes routines parce que j\u2019avais une constance quasiment pathologique. Puis je les ai transmises, en cherchant de les am\u00e9liorer perp\u00e9tuellement. Aucun de ces entrainements ne n\u00e9cessitait un mat\u00e9riel sp\u00e9cifique, je devais imp\u00e9rativement pouvoir les faire partout, \u00e0 n\u2019importe quel moment et sans d\u00e9pendre de qui que ce soit.<br>Pas d\u2019excuses dit-on, oui, oui, commen\u00e7ons d\u00e9j\u00e0 par trouver la raison.<\/p>\n\n\n\n<p>Expliquer une technique, en identifier les d\u00e9tails n\u2019est pas une tache insurmontable, il n\u2019y a qu\u2019\u00e0 regarder un tutorial de monsieur Tuto. Ou lire un livre de la science des savants.<br>S\u2019assurer de l\u2019avoir comprise, ou qu\u2019elle a \u00e9t\u00e9 comprise: une autre paire de manches. L\u2019ex\u00e9cution de la dite technique ne sera pas non plus chose ais\u00e9e. Comprendre ne veut pas dire pas d\u2019\u00eatre en mesure de reproduire, \u00e7a signifie seulement que nous avons compris. Simple comme bonjour.<\/p>\n\n\n\n<p>Comme je ne cesse de r\u00e9p\u00e9ter :<\/p>\n\n\n\n<h5 class=\"has-text-align-center wp-block-heading\"><em>COMPRENDRE LE CONCEPT ET PRATIQUER LE CONCEPT<\/em><\/h5>\n\n\n\n<div style=\"height:50px\" aria-hidden=\"true\" class=\"wp-block-spacer\"><\/div>\n\n\n\n<p>L\u2019\u00e9tape de familiarisation durant la premi\u00e8re partie de l\u2019apprentissage permet de le faire tranquillement et sereinement, il n\u2019existe pas d\u2019obligation de r\u00e9sultat \u00e0 ce moment-l\u00e0. Garder \u00e0 l\u2019esprit ce mantra permet d\u2019accepter les moments de frustration pendant la pratique. Mille fois j\u2019ai martel\u00e9 que la frustration est in\u00e9vitable d\u00e8s lors qu\u2019on apprend quelque chose de nouveau, c\u2019est un cheminement tout \u00e0 fait normal. Le savoir, s\u2019en rappeler pourrait aider quiconque d\u00e9montre une s\u00e9v\u00e9rit\u00e9 excessive envers soi-m\u00eame. Puis souligner la seule frustration peut alt\u00e9rer l\u2019\u00e9tat de lucidit\u00e9 puisqu\u2019on tend \u00e0 s\u2019irriter, \u00e0 son paroxysme elle m\u00e8ne \u00e0 la col\u00e8re, et l\u00e0 c\u2019est le drame. On est foutu. L\u2019esprit se raidit et naturellement le corps se met au pas de l\u2019humeur tumultueuse. Il s\u2019amorce alors un cercle vicieux au cours duquel on ne cesse d\u2019enregistrer de fausses informations, la premi\u00e8re d\u2019entre toutes : l\u2019incapacit\u00e9.<\/p>\n\n\n\n<p>Le monde d\u2019apparences et d\u2019images dans lequel on \u00e9volue p\u00e8se, c\u2019est clair. Le droit \u00e0 l\u2019erreur y est contest\u00e9 ou proscrit et on a du mal \u00e0 admettre la bravoure de l\u2019autre, comme si cette reconnaissance nous \u00f4tait de notre propre valeur. Le monde est blind\u00e9 de personnes \u00e0 qui on n\u2019a jamais su dire simplement \u201cbravo\u201d ou \u201cbien jou\u00e9\u201d, on en connait tous une dont c\u2019est le cas, forc\u00e9ment. \u00c7a fait partie des trucs que je raconte dans mon *livre quand je parle de la \u201c*psychologie de l\u2019Art du D\u00e9placement\u201d.<br>Qui ne r\u00e9ussit pas est un rat\u00e9, qui ne met pas au moins un pied sur le podium est un perdant. Un loser quoi. Qui est dissemblable est anormal. Ayant ces consid\u00e9rations bien chevill\u00e9es \u00e0 l\u2019esprit, j\u2019ai une approche particuli\u00e8re avec les enfants, je combats leur propension \u00e0 s\u2019auto-d\u00e9pr\u00e9cier quand ils ratent. Je les reprends syst\u00e9matiquement quand ils se traitent de merde ou des trucs comme \u00e7a, parce qu\u2019ils agissent par imitation et r\u00e9p\u00e8tent ce qu\u2019ils entendent. Je d\u00e9truis avec calme et coh\u00e9rence les mythes de papier ou les h\u00e9ros du courage m\u00e9t\u00e9o. Je prends le temps d\u2019expliquer la diff\u00e9rence entre une erreur et une r\u00e9ponse qui ne correspond pas \u00e0 la demande, parce que tout part de l\u00e0, d\u2019eux. Aussi avec les adultes, il n\u2019est jamais trop tard.<\/p>\n\n\n\n<h5 class=\"has-text-align-center wp-block-heading\"><em>INUTILE DE SE SABORDER TOUS SEULS CAR LES AUTRES S\u2019EN OCCUPERONT.<\/em><\/h5>\n\n\n\n<p>\u00c7a peut arriver d\u2019\u00eatre un peu lent dans l\u2019application, et encore une fois rien de r\u00e9pr\u00e9hensible, apprendre une nouvelle technique est un peu comme apprendre une nouvelle langue : On cherche ce qu\u2019on doit dire dans notre langue maternelle, mot \u00e0 mot, puis seulement apr\u00e8s on r\u00e9cite. Donc pour le mouvement on pense \u00e0 chaque petit geste \u00e0 faire avant de le restituer en une seule pi\u00e8ce, de mani\u00e8re harmonieuse. Le chemin le plus court est de suivre les instructions d\u2019un manuel bien d\u00e9taill\u00e9 des proc\u00e9dures \u00e0 suivre, et ainsi satisfaire le collectionneur d\u2019imm\u00e9diat, l\u2019ego des classifications et des morceaux de papier sign\u00e9s, approuv\u00e9s et certifi\u00e9s.<br>Je pr\u00e9f\u00e8re les chemins un peu plus longs, faits de recherche, de vagabondages et d\u2019erreurs qui poussent \u00e0 cr\u00e9e, \u00e0 ajourner les connections entre la t\u00eate et le corps. On y favorise une ouverture et une interaction avec le monde juste sous les pieds et \u00e0 port\u00e9e de main mais aussi avec celui parlant diff\u00e9remment.<br>C\u2019est un parcours exigeant, difficile, et infini si tout va bien.<br>Mais on y d\u00e9veloppe un \u00e9tat d\u2019esprit capable d\u2019autocritique, donc une certaine autonomie dans les moments de r\u00e9sistance ou d\u2019affrontement. Envers soi naturellement.<br>Pour ne rien g\u00e2cher les facult\u00e9s d\u2019adaptation et de cr\u00e9ativit\u00e9 grandissent. Durablement.<br>De la pratique et des r\u00e9p\u00e9titions naissent des automatismes, le signe que nous sommes en train d\u2019assimiler. Toutefois apr\u00e8s avoir men\u00e9 des exp\u00e9riences sur moi, puis en avoir observ\u00e9 les r\u00e9actions, j\u2019ai d\u00fb v\u00e9rifier dans quelle mesure elles pouvaient \u00eatre utiles aux autres. Comment je pouvais transmettre mes connaissances et leur donner du sens qui d\u00e9passe ma seule personne. Les rendre compr\u00e9hensibles et lisibles pour que l\u2019exp\u00e9rience ne soit pas juste un t\u00e9moignage ou une fin \u00e0 elle-m\u00eame.<br>Tapes m\u2019en cinq mon gars, merci pour la participation et \u00e0 la prochaine chers amis.<br>J\u2019ai conserv\u00e9 les concepts sans les emprisonner dans des sch\u00e9mas immuables, je les ai rendus souples et adaptables de mani\u00e8re \u00e0 toujours partir des personnes avant toute chose.<\/p>\n\n\n\n<h5 class=\"has-text-align-center wp-block-heading\"><em>LES HOMMES ET LES FEMMES AVANT LES CODES <\/em><\/h5>\n\n\n\n<div style=\"height:50px\" aria-hidden=\"true\" class=\"wp-block-spacer\"><\/div>\n\n\n\n<p>Quand je m\u2019entraine ou entraine les autres je cherche l\u2019harmonie et non l\u2019esth\u00e9tique, ainsi je respecte beaucoup plus l\u2019identit\u00e9 moteur d\u2019un Yamak. Une philosophie assur\u00e9ment plus inclusive parce qu\u2019elle prend en consid\u00e9ration tous les profils physiques, les douleurs et d\u00e9sirs de quiconque a envie de bouger. En cons\u00e9quence l\u2019acc\u00e8s au mouvement est plus ample et d\u00e9mocratique.<br>Cette mani\u00e8re de penser m\u2019a port\u00e9 naturellement au concept de PERFORMANCE INDIVIDUELLE, \u00e0 son \u00e9valuation et sa reconnaissance par le biais d\u2019instruments et crit\u00e8res sp\u00e9cifiques. On ne part pas tous sur la m\u00eame ligne de d\u00e9part et on ne veut pas arriver au m\u00eame endroit, comme \u00e7a on peut arriver \u00e0 la meilleure expression possible du potentiel individuel, au d\u00e9veloppement de l\u2019individu.<br>Et oui, il ne faut pas perdre de vue la grande diversit\u00e9 qui nous caract\u00e9rise, pour int\u00e9grer efficacement ce lieu commun il faut observer, \u00e9couter les personnes.<br>C\u2019est important d\u2019\u00e9couter. Pour de vrai. \u00c7a ne suffit pas de r\u00e9pondre \u00e0 quelqu\u2019un qui a peur:<br>-N\u2019aie pas peur.<br>Ce serait comme dire \u00e0 une personne qui a mal:<br>-N\u2019aie pas mal.<br>-D\u2019accord merci, maintenant je vais mieux!<br>Il ne gu\u00e9rira pas comme \u00e7a\u2026<\/p>\n\n\n\n<p>Dans le cas de la peur on doit identifier avant tout ce qui la motive, puis \u00e0 partir de l\u00e0 en d\u00e9monter les m\u00e9canismes de fa\u00e7on tangible. Il vaut mieux \u00e9viter d\u2019\u00eatre trop mystique \u00e0 moins de recourir \u00e0 l\u2019humour. Presqu\u2019\u00e0 chaque fois que je proc\u00e8de au d\u00e9mant\u00e8lement de la peur, du blocage, j\u2019int\u00e8gre la personne en question dans le raisonnement. Mais c\u2019est une autre histoire.<br>De ce fait je pars des personnes, non des sch\u00e9mas, num\u00e9ros ou m\u00e9thodes aveugles, notamment celles pr\u00e9sentes dans la transmission de masse, qui \u00e9crasent l\u2019humain et emp\u00eachent l\u2019expression de ses diverses habilit\u00e9s. Parce qu\u2019il y a manque de temps ? D\u2019envie ? Ou simplement parce que le contenu et le contenant n\u2019en n\u2019ont pas la vocation ? Donc la mission est toute autre.<br><br><\/p>\n\n\n\n<p>Je ne l\u2019ai pas \u00e9tudi\u00e9 sur des livres ou penser \u00e0 des th\u00e9ories que j\u2019ai ensuite exp\u00e9riment\u00e9es pour en observer la v\u00e9racit\u00e9, non, exactement l\u2019inverse. D\u2019abord j\u2019ai fait, puis ensuite j\u2019ai conceptualis\u00e9, avec les amis, puis tout seul.<br>J\u2019ai appliqu\u00e9. Donc j\u2019ai \u00e9t\u00e9 tout de suite pratique. Concret.<br>Certes ce n\u2019est pas parfait mais aucune m\u00e9thode ne l\u2019est. Je sais bien que mon approche ne convient pas \u00e0 qui a besoin d\u2019explications \u00e0 n\u2019en plus finir ou qui a \u00e9t\u00e9 habitu\u00e9 \u00e0 suivre les fl\u00e8ches. A qui veut la destination sans le voyage. \u00c0 travers les exercices je donne des informations, des cl\u00e9s, plus il y en aura \u00e0 disposition et plus de portes on pourra ouvrir. Des fois \u00e7a peut \u00eatre long parce que je dois d\u00e9construire les sch\u00e9mas g\u00e9n\u00e9riques et abattre les fausses croyances, souvent import\u00e9es par les autres. Apr\u00e8s \u00e7a je peux me concentrer sur l\u2019\u00e9tape que j\u2019ai appel\u00e9 ACQUISITION DES CERTITUDES. Sur les certitudes on d\u00e9veloppe une confiance en soi, et par extension une conscience objective des propres capacit\u00e9s.<br>Le r\u00f4le du coach, enseignant devient fondamental, juste pour expliquer la diff\u00e9rence entre auto-estime et arrogance. Entre humilit\u00e9 et ins\u00e9curit\u00e9. Il ou elle doit savoir mettre son ego dans la poche et accepter d\u2019\u00eatre un accompagnateur, un guide, car les certitudes ne doivent pas \u00eatre siennes mais bel et bien de la personne qu\u2019il ou elle entraine. Je sais bien que \u00e7a parait \u00e9vident, mais \u00e7a parait seulement.<\/p>\n\n\n\n<h4 class=\"has-text-align-center wp-block-heading\"><em>LE COACH SOUTIENT DANS LA DEFAITE ET RESTE LOIN DANS LA VICTOIRE DE L\u2019AUTRE POUR NE PAS EN RUINER LES BENEFICES<\/em><\/h4>\n\n\n\n<div style=\"height:100px\" aria-hidden=\"true\" class=\"wp-block-spacer\"><\/div>\n\n\n\n<p style=\"font-size:12px\"><em>*Psychologie de l\u2019Art du D\u00e9placement : En parlant avec Williams j\u2019ai choisi d\u2019appeler ainsi ce que j\u2019appelais pendant des ann\u00e9es l\u2019aspect mental de la pratique. Parce que je le trouvais limit\u00e9 et incomplet. Pour l\u2019instant je ne sais pas si je le rendrai accessible \u00e0 tous parce qu\u2019avec ce que j\u2019ai compris et explique, je pense que \u00e7a peut devenir dangereux mis dans de mauvaises mains. *Livre: Un jour, d\u2019une mani\u00e8re ou d\u2019une autre je le publierai!<\/em><\/p>\n\n\n\n<p style=\"font-size:12px\"><em>*Livre: Un jour, d\u2019une mani\u00e8re ou d\u2019une autre je le publierai!<\/em><\/p>\n","protected":false},"excerpt":{"rendered":"<p>Quand j\u2019affirme avoir d\u00e9couvert un mode de transmission, une p\u00e9dagogie, je ne pr\u00e9tends pas l\u2019avoir invent\u00e9 et je ne peux exclure que quelqu\u2019un d\u2019autre ait pu y penser avant. Par contre je l\u2019ai \u00e9labor\u00e9 en pratiquant, donc sur moi en tout premier lieu. Un peu comme un chercheur qui fait des essais sur un rat [&hellip;]<\/p>\n","protected":false},"author":2,"featured_media":238,"parent":0,"menu_order":0,"comment_status":"closed","ping_status":"closed","template":"","meta":{"footnotes":""},"class_list":["post-344","page","type-page","status-publish","has-post-thumbnail","hentry"],"yoast_head":"<!-- This site is optimized with the Yoast SEO plugin v27.1.1 - https:\/\/yoast.com\/product\/yoast-seo-wordpress\/ -->\n<title>Training philosophy, le corps pensant &#8211; ESPRIT YAMAK<\/title>\n<meta name=\"robots\" content=\"index, follow, max-snippet:-1, max-image-preview:large, max-video-preview:-1\" \/>\n<link rel=\"canonical\" href=\"https:\/\/esprityamak.com\/fr\/training-philosophy-le-corps-pensant\/\" \/>\n<meta property=\"og:locale\" content=\"fr_FR\" \/>\n<meta property=\"og:type\" content=\"article\" \/>\n<meta property=\"og:title\" content=\"Training philosophy, le corps pensant &#8211; ESPRIT YAMAK\" \/>\n<meta property=\"og:description\" content=\"Quand j\u2019affirme avoir d\u00e9couvert un mode de transmission, une p\u00e9dagogie, je ne pr\u00e9tends pas l\u2019avoir invent\u00e9 et je ne peux exclure que quelqu\u2019un d\u2019autre ait pu y penser avant. Par contre je l\u2019ai \u00e9labor\u00e9 en pratiquant, donc sur moi en tout premier lieu. Un peu comme un chercheur qui fait des essais sur un rat [&hellip;]\" \/>\n<meta property=\"og:url\" content=\"https:\/\/esprityamak.com\/fr\/training-philosophy-le-corps-pensant\/\" \/>\n<meta property=\"og:site_name\" content=\"ESPRIT YAMAK\" \/>\n<meta property=\"article:publisher\" content=\"https:\/\/www.facebook.com\/laurent.piemontesi\" \/>\n<meta property=\"article:modified_time\" content=\"2021-02-15T18:40:51+00:00\" \/>\n<meta property=\"og:image\" content=\"https:\/\/esprityamak.com\/wp-content\/uploads\/2020\/12\/Laurent-piemontesi-tavoli-bianchi-scaled.jpg\" \/>\n\t<meta property=\"og:image:width\" content=\"2560\" \/>\n\t<meta property=\"og:image:height\" content=\"1790\" \/>\n\t<meta property=\"og:image:type\" content=\"image\/jpeg\" \/>\n<meta name=\"twitter:card\" content=\"summary_large_image\" \/>\n<meta name=\"twitter:label1\" content=\"Dur\u00e9e de lecture estim\u00e9e\" \/>\n\t<meta name=\"twitter:data1\" content=\"9 minutes\" \/>\n<script type=\"application\/ld+json\" class=\"yoast-schema-graph\">{\"@context\":\"https:\/\/schema.org\",\"@graph\":[{\"@type\":\"WebPage\",\"@id\":\"https:\/\/esprityamak.com\/fr\/training-philosophy-le-corps-pensant\/\",\"url\":\"https:\/\/esprityamak.com\/fr\/training-philosophy-le-corps-pensant\/\",\"name\":\"Training philosophy, le corps pensant &#8211; ESPRIT YAMAK\",\"isPartOf\":{\"@id\":\"https:\/\/esprityamak.com\/fr\/#website\"},\"primaryImageOfPage\":{\"@id\":\"https:\/\/esprityamak.com\/fr\/training-philosophy-le-corps-pensant\/#primaryimage\"},\"image\":{\"@id\":\"https:\/\/esprityamak.com\/fr\/training-philosophy-le-corps-pensant\/#primaryimage\"},\"thumbnailUrl\":\"https:\/\/esprityamak.com\/wp-content\/uploads\/2020\/12\/Laurent-piemontesi-tavoli-bianchi-scaled.jpg\",\"datePublished\":\"2020-12-18T20:21:04+00:00\",\"dateModified\":\"2021-02-15T18:40:51+00:00\",\"breadcrumb\":{\"@id\":\"https:\/\/esprityamak.com\/fr\/training-philosophy-le-corps-pensant\/#breadcrumb\"},\"inLanguage\":\"fr-FR\",\"potentialAction\":[{\"@type\":\"ReadAction\",\"target\":[\"https:\/\/esprityamak.com\/fr\/training-philosophy-le-corps-pensant\/\"]}]},{\"@type\":\"ImageObject\",\"inLanguage\":\"fr-FR\",\"@id\":\"https:\/\/esprityamak.com\/fr\/training-philosophy-le-corps-pensant\/#primaryimage\",\"url\":\"https:\/\/esprityamak.com\/wp-content\/uploads\/2020\/12\/Laurent-piemontesi-tavoli-bianchi-scaled.jpg\",\"contentUrl\":\"https:\/\/esprityamak.com\/wp-content\/uploads\/2020\/12\/Laurent-piemontesi-tavoli-bianchi-scaled.jpg\",\"width\":2560,\"height\":1790},{\"@type\":\"BreadcrumbList\",\"@id\":\"https:\/\/esprityamak.com\/fr\/training-philosophy-le-corps-pensant\/#breadcrumb\",\"itemListElement\":[{\"@type\":\"ListItem\",\"position\":1,\"name\":\"Home\",\"item\":\"https:\/\/esprityamak.com\/fr\/\"},{\"@type\":\"ListItem\",\"position\":2,\"name\":\"Training philosophy, le corps pensant\"}]},{\"@type\":\"WebSite\",\"@id\":\"https:\/\/esprityamak.com\/fr\/#website\",\"url\":\"https:\/\/esprityamak.com\/fr\/\",\"name\":\"ESPRIT YAMAK\",\"description\":\"ART DU D\u00c9PLACEMENT by LAURENT PIEMONTESI\",\"publisher\":{\"@id\":\"https:\/\/esprityamak.com\/fr\/#organization\"},\"potentialAction\":[{\"@type\":\"SearchAction\",\"target\":{\"@type\":\"EntryPoint\",\"urlTemplate\":\"https:\/\/esprityamak.com\/fr\/?s={search_term_string}\"},\"query-input\":{\"@type\":\"PropertyValueSpecification\",\"valueRequired\":true,\"valueName\":\"search_term_string\"}}],\"inLanguage\":\"fr-FR\"},{\"@type\":\"Organization\",\"@id\":\"https:\/\/esprityamak.com\/fr\/#organization\",\"name\":\"Laurent Piemontesi\",\"url\":\"https:\/\/esprityamak.com\/fr\/\",\"logo\":{\"@type\":\"ImageObject\",\"inLanguage\":\"fr-FR\",\"@id\":\"https:\/\/esprityamak.com\/fr\/#\/schema\/logo\/image\/\",\"url\":\"https:\/\/esprityamak.com\/wp-content\/uploads\/2020\/11\/ADD-logo.png\",\"contentUrl\":\"https:\/\/esprityamak.com\/wp-content\/uploads\/2020\/11\/ADD-logo.png\",\"width\":2000,\"height\":2000,\"caption\":\"Laurent Piemontesi\"},\"image\":{\"@id\":\"https:\/\/esprityamak.com\/fr\/#\/schema\/logo\/image\/\"},\"sameAs\":[\"https:\/\/www.facebook.com\/laurent.piemontesi\",\"https:\/\/www.instagram.com\/laurentpiemontesi\/\"]}]}<\/script>\n<!-- \/ Yoast SEO plugin. -->","yoast_head_json":{"title":"Training philosophy, le corps pensant &#8211; ESPRIT YAMAK","robots":{"index":"index","follow":"follow","max-snippet":"max-snippet:-1","max-image-preview":"max-image-preview:large","max-video-preview":"max-video-preview:-1"},"canonical":"https:\/\/esprityamak.com\/fr\/training-philosophy-le-corps-pensant\/","og_locale":"fr_FR","og_type":"article","og_title":"Training philosophy, le corps pensant &#8211; ESPRIT YAMAK","og_description":"Quand j\u2019affirme avoir d\u00e9couvert un mode de transmission, une p\u00e9dagogie, je ne pr\u00e9tends pas l\u2019avoir invent\u00e9 et je ne peux exclure que quelqu\u2019un d\u2019autre ait pu y penser avant. Par contre je l\u2019ai \u00e9labor\u00e9 en pratiquant, donc sur moi en tout premier lieu. Un peu comme un chercheur qui fait des essais sur un rat [&hellip;]","og_url":"https:\/\/esprityamak.com\/fr\/training-philosophy-le-corps-pensant\/","og_site_name":"ESPRIT YAMAK","article_publisher":"https:\/\/www.facebook.com\/laurent.piemontesi","article_modified_time":"2021-02-15T18:40:51+00:00","og_image":[{"width":2560,"height":1790,"url":"https:\/\/esprityamak.com\/wp-content\/uploads\/2020\/12\/Laurent-piemontesi-tavoli-bianchi-scaled.jpg","type":"image\/jpeg"}],"twitter_card":"summary_large_image","twitter_misc":{"Dur\u00e9e de lecture estim\u00e9e":"9 minutes"},"schema":{"@context":"https:\/\/schema.org","@graph":[{"@type":"WebPage","@id":"https:\/\/esprityamak.com\/fr\/training-philosophy-le-corps-pensant\/","url":"https:\/\/esprityamak.com\/fr\/training-philosophy-le-corps-pensant\/","name":"Training philosophy, le corps pensant &#8211; ESPRIT YAMAK","isPartOf":{"@id":"https:\/\/esprityamak.com\/fr\/#website"},"primaryImageOfPage":{"@id":"https:\/\/esprityamak.com\/fr\/training-philosophy-le-corps-pensant\/#primaryimage"},"image":{"@id":"https:\/\/esprityamak.com\/fr\/training-philosophy-le-corps-pensant\/#primaryimage"},"thumbnailUrl":"https:\/\/esprityamak.com\/wp-content\/uploads\/2020\/12\/Laurent-piemontesi-tavoli-bianchi-scaled.jpg","datePublished":"2020-12-18T20:21:04+00:00","dateModified":"2021-02-15T18:40:51+00:00","breadcrumb":{"@id":"https:\/\/esprityamak.com\/fr\/training-philosophy-le-corps-pensant\/#breadcrumb"},"inLanguage":"fr-FR","potentialAction":[{"@type":"ReadAction","target":["https:\/\/esprityamak.com\/fr\/training-philosophy-le-corps-pensant\/"]}]},{"@type":"ImageObject","inLanguage":"fr-FR","@id":"https:\/\/esprityamak.com\/fr\/training-philosophy-le-corps-pensant\/#primaryimage","url":"https:\/\/esprityamak.com\/wp-content\/uploads\/2020\/12\/Laurent-piemontesi-tavoli-bianchi-scaled.jpg","contentUrl":"https:\/\/esprityamak.com\/wp-content\/uploads\/2020\/12\/Laurent-piemontesi-tavoli-bianchi-scaled.jpg","width":2560,"height":1790},{"@type":"BreadcrumbList","@id":"https:\/\/esprityamak.com\/fr\/training-philosophy-le-corps-pensant\/#breadcrumb","itemListElement":[{"@type":"ListItem","position":1,"name":"Home","item":"https:\/\/esprityamak.com\/fr\/"},{"@type":"ListItem","position":2,"name":"Training philosophy, le corps pensant"}]},{"@type":"WebSite","@id":"https:\/\/esprityamak.com\/fr\/#website","url":"https:\/\/esprityamak.com\/fr\/","name":"ESPRIT YAMAK","description":"ART DU D\u00c9PLACEMENT by LAURENT PIEMONTESI","publisher":{"@id":"https:\/\/esprityamak.com\/fr\/#organization"},"potentialAction":[{"@type":"SearchAction","target":{"@type":"EntryPoint","urlTemplate":"https:\/\/esprityamak.com\/fr\/?s={search_term_string}"},"query-input":{"@type":"PropertyValueSpecification","valueRequired":true,"valueName":"search_term_string"}}],"inLanguage":"fr-FR"},{"@type":"Organization","@id":"https:\/\/esprityamak.com\/fr\/#organization","name":"Laurent Piemontesi","url":"https:\/\/esprityamak.com\/fr\/","logo":{"@type":"ImageObject","inLanguage":"fr-FR","@id":"https:\/\/esprityamak.com\/fr\/#\/schema\/logo\/image\/","url":"https:\/\/esprityamak.com\/wp-content\/uploads\/2020\/11\/ADD-logo.png","contentUrl":"https:\/\/esprityamak.com\/wp-content\/uploads\/2020\/11\/ADD-logo.png","width":2000,"height":2000,"caption":"Laurent Piemontesi"},"image":{"@id":"https:\/\/esprityamak.com\/fr\/#\/schema\/logo\/image\/"},"sameAs":["https:\/\/www.facebook.com\/laurent.piemontesi","https:\/\/www.instagram.com\/laurentpiemontesi\/"]}]}},"_links":{"self":[{"href":"https:\/\/esprityamak.com\/fr\/wp-json\/wp\/v2\/pages\/344","targetHints":{"allow":["GET"]}}],"collection":[{"href":"https:\/\/esprityamak.com\/fr\/wp-json\/wp\/v2\/pages"}],"about":[{"href":"https:\/\/esprityamak.com\/fr\/wp-json\/wp\/v2\/types\/page"}],"author":[{"embeddable":true,"href":"https:\/\/esprityamak.com\/fr\/wp-json\/wp\/v2\/users\/2"}],"replies":[{"embeddable":true,"href":"https:\/\/esprityamak.com\/fr\/wp-json\/wp\/v2\/comments?post=344"}],"version-history":[{"count":3,"href":"https:\/\/esprityamak.com\/fr\/wp-json\/wp\/v2\/pages\/344\/revisions"}],"predecessor-version":[{"id":363,"href":"https:\/\/esprityamak.com\/fr\/wp-json\/wp\/v2\/pages\/344\/revisions\/363"}],"wp:featuredmedia":[{"embeddable":true,"href":"https:\/\/esprityamak.com\/fr\/wp-json\/wp\/v2\/media\/238"}],"wp:attachment":[{"href":"https:\/\/esprityamak.com\/fr\/wp-json\/wp\/v2\/media?parent=344"}],"curies":[{"name":"wp","href":"https:\/\/api.w.org\/{rel}","templated":true}]}}