{"id":429,"date":"2023-10-17T14:09:47","date_gmt":"2023-10-17T14:09:47","guid":{"rendered":"https:\/\/esprityamak.com\/esprit-yamakasi\/"},"modified":"2024-06-07T15:27:53","modified_gmt":"2024-06-07T15:27:53","slug":"esprit-yamakasi-lettres-a-un-petit-frere","status":"publish","type":"page","link":"https:\/\/esprityamak.com\/fr\/esprit-yamakasi-lettres-a-un-petit-frere\/","title":{"rendered":"ESPRIT YAMAKASI, LETTRES A UN PETIT FRERE"},"content":{"rendered":"\n<p id=\"block-561e5536-dee0-4b7e-a371-69738d2deebf\">Le premier livre \u00e9crit int\u00e9gralement par l&rsquo;un d&rsquo;entre nous sur<strong>&nbsp;l&rsquo;histoire Yamakasi<\/strong>&nbsp;et celle de&nbsp;<strong>l&rsquo;Art Du D\u00e9placement<\/strong>. Un t\u00e9moignage direct de Laurent Piemontesi sur les origines de la pratique qui permet de mieux comprendre comment l\u2019Art Du D\u00e9placement a su d\u00e9velopper une&nbsp;<em><strong>philosophie<\/strong><\/em>&nbsp;du mouvement coh\u00e9rente, d\u00e9passant le seul mouvement. Comment aussi, nous avons rebattu les cartes du rapport entre&nbsp;<em><strong>l\u2019individu<\/strong><\/em>&nbsp;et son&nbsp;<em><strong>environnement<\/strong><\/em>, et le regard diff\u00e9rent que nous avons pos\u00e9 sur la&nbsp;<em><strong>transmission&nbsp;<\/strong><\/em>de l\u2019activit\u00e9 physique.&nbsp;<br>Comment l\u2019Art Du D\u00e9placement a \u00e9volu\u00e9 aussi, sans perdre sa&nbsp;<em><strong>dimension humaine<\/strong><\/em>.&nbsp;<br>Ce livre aborde des th\u00e8mes universels comme la peur, la long\u00e9vit\u00e9 ou l\u2019inclusivit\u00e9, susceptibles d&rsquo;aider pratiquantes et pratiquants, mais pas seulement.<\/p>\n\n\n\n<p class=\"has-text-align-center has-theme-black-color has-text-color has-background has-link-color has-small-font-size wp-elements-c9e411d1cada4b94959e967ccece8339\" style=\"background-color:#ffee70\">pour commander <strong><a href=\"https:\/\/esprityamakasi.sumupstore.com\/\" target=\"_blank\" rel=\"noreferrer noopener\">ici<\/a><\/strong><\/p>\n\n\n\n<figure class=\"wp-block-image\" id=\"block-0af3c2b5-1778-40d6-a890-596973fe6ea0\"><img decoding=\"async\" src=\"https:\/\/esprityamak.com\/wp-content\/uploads\/2023\/11\/LAURENT-PIEMONTESI_DEMITOUR-900x600.jpg\" alt=\"Questa immagine ha l'attributo alt vuoto; il nome del file \u00e8 LAURENT-PIEMONTESI_DEMITOUR-900x600.jpg\"\/><\/figure>\n\n\n\n<p id=\"block-2df1cab3-44fd-439e-948e-022b91427de2\">Pendant longtemps nous avons \u00e9t\u00e9 racont\u00e9 par les autres, de mani\u00e8re approximative ou consensuelle, par le biais de films, reportages ou interview. &nbsp;J&rsquo;ai donc voulu relater notre histoire avec&nbsp;<em><strong>authenticit\u00e9 et honn\u00eatet\u00e9 intellectuelle.<\/strong><\/em><br>Ce travail d&rsquo;\u00e9criture a commenc\u00e9 en Mai 2016 et en Novembre de la m\u00eame ann\u00e9e j&rsquo;avais fini&#8230; Jusqu&rsquo;\u00e0 ce qu&rsquo;au printemps 2017 Fran\u00e7ois Terrien me fasse un feedback.<br>Depuis ce jour et jusqu&rsquo;en Mars 2023 je n&rsquo;ai cess\u00e9 d&rsquo;y travailler:<br>Par mon t\u00e9moignage, je souhaite apporter&nbsp;<em><strong>un \u00e9clairage sur l&rsquo;univers Yamakasi et l&rsquo;Art Du D\u00e9placement,&nbsp;<\/strong><\/em>et que gr\u00e2ce aux th\u00e8mes abord\u00e9s, (la long\u00e9vit\u00e9, la peur, la transmission&#8230;) cela puisse&nbsp;<em><strong>aider les pratiquants<\/strong><\/em>, jeunes ou moins jeunes. Mais pas seulement. J&rsquo;esp\u00e8re que celles et ceux curieux de ce que nous avons accompli, puissent comprendre<em><strong>&nbsp;l&rsquo;essence&nbsp;<\/strong><\/em>de notre pratique et comment nous avons r\u00e9ussi \u00e0 traverser ces ann\u00e9es sans nous renier.<br>Il \u00e9tait fondamental pour moi de ne pas r\u00e9diger un manuel, mais plut\u00f4t&nbsp;<em><strong>transmettre des concepts, des id\u00e9es et une vision<\/strong><\/em>.<br>De la<em><strong>&nbsp;mati\u00e8re<\/strong><\/em>&nbsp;\u00e0 laquelle chacune et chacun pourra donner une&nbsp;<em><strong>forme<\/strong><\/em>. La sienne.<\/p>\n\n\n\n<p id=\"block-d82a42a5-70a5-4559-9a19-a2cf66825fc2\"><strong>NB:<\/strong>&nbsp;<br><em>Versione in&nbsp;<strong>italiano<\/strong>&nbsp;prevista nel primo 2024.&nbsp;<\/em><br><em><strong>English<\/strong>&nbsp;version end of 2024.<\/em><\/p>\n\n\n\n<p class=\"has-text-align-center has-theme-black-color has-text-color has-background has-link-color has-small-font-size wp-elements-fc6cfb6c3a470994329d98aafaddcabe\" style=\"background-color:#ffee70\">pour commander <strong><a href=\"mailto:esprityamak@gmail.com\">mail<\/a><\/strong><br>ou <strong>dm <a href=\"https:\/\/www.instagram.com\/laurentpiemontesi\/\">instagram\/laurentpiemontesi<\/a><\/strong><\/p>\n\n\n\n<p id=\"block-0ca77e12-6164-4eeb-89af-6a3b96b458ad\">\ufeff<\/p>\n","protected":false},"excerpt":{"rendered":"<p>Le premier livre \u00e9crit int\u00e9gralement par l&rsquo;un d&rsquo;entre nous sur&nbsp;l&rsquo;histoire Yamakasi&nbsp;et celle de&nbsp;l&rsquo;Art Du D\u00e9placement. Un t\u00e9moignage direct de Laurent Piemontesi sur les origines de la pratique qui permet de mieux comprendre comment l\u2019Art Du D\u00e9placement a su d\u00e9velopper une&nbsp;philosophie&nbsp;du mouvement coh\u00e9rente, d\u00e9passant le seul mouvement. Comment aussi, nous avons rebattu les cartes du rapport [&hellip;]<\/p>\n","protected":false},"author":1,"featured_media":446,"parent":0,"menu_order":10,"comment_status":"closed","ping_status":"closed","template":"","meta":{"footnotes":""},"class_list":["post-429","page","type-page","status-publish","has-post-thumbnail","hentry"],"yoast_head":"<!-- This site is optimized with the Yoast SEO plugin v27.1.1 - https:\/\/yoast.com\/product\/yoast-seo-wordpress\/ -->\n<title>ESPRIT YAMAKASI, LETTRES A UN PETIT FRERE &#8211; ESPRIT YAMAK<\/title>\n<meta name=\"description\" content=\"Le premier livre \u00e9crit int\u00e9gralement par l&#039;un d&#039;entre nous sur l&#039;histoire Yamakasi et celle de l&#039;Art Du D\u00e9placement. Un t\u00e9moignage direct de Laurent Piemontesi sur les origines de la pratique qui permet de mieux comprendre comment l\u2019Art Du D\u00e9placement a su d\u00e9velopper une philosophie du mouvement coh\u00e9rente,\" \/>\n<meta name=\"robots\" content=\"index, follow, max-snippet:-1, max-image-preview:large, max-video-preview:-1\" \/>\n<link rel=\"canonical\" href=\"https:\/\/esprityamak.com\/fr\/esprit-yamakasi-lettres-a-un-petit-frere\/\" \/>\n<meta property=\"og:locale\" content=\"fr_FR\" \/>\n<meta property=\"og:type\" content=\"article\" \/>\n<meta property=\"og:title\" content=\"ESPRIT YAMAKASI, LETTRES A UN PETIT FRERE &#8211; ESPRIT YAMAK\" \/>\n<meta property=\"og:description\" content=\"Le premier livre \u00e9crit int\u00e9gralement par l&#039;un d&#039;entre nous sur l&#039;histoire Yamakasi et celle de l&#039;Art Du D\u00e9placement. Un t\u00e9moignage direct de Laurent Piemontesi sur les origines de la pratique qui permet de mieux comprendre comment l\u2019Art Du D\u00e9placement a su d\u00e9velopper une philosophie du mouvement coh\u00e9rente,\" \/>\n<meta property=\"og:url\" content=\"https:\/\/esprityamak.com\/fr\/esprit-yamakasi-lettres-a-un-petit-frere\/\" \/>\n<meta property=\"og:site_name\" content=\"ESPRIT YAMAK\" \/>\n<meta property=\"article:publisher\" content=\"https:\/\/www.facebook.com\/laurent.piemontesi\" \/>\n<meta property=\"article:modified_time\" content=\"2024-06-07T15:27:53+00:00\" \/>\n<meta property=\"og:image\" content=\"https:\/\/esprityamak.com\/wp-content\/uploads\/2023\/10\/EspritYamakasi-LaurentPiemontesi-header.jpg\" \/>\n\t<meta property=\"og:image:width\" content=\"1417\" \/>\n\t<meta property=\"og:image:height\" content=\"792\" \/>\n\t<meta property=\"og:image:type\" content=\"image\/jpeg\" \/>\n<meta name=\"twitter:card\" content=\"summary_large_image\" \/>\n<meta name=\"twitter:label1\" content=\"Dur\u00e9e de lecture estim\u00e9e\" \/>\n\t<meta name=\"twitter:data1\" content=\"3 minutes\" \/>\n<script type=\"application\/ld+json\" class=\"yoast-schema-graph\">{\"@context\":\"https:\/\/schema.org\",\"@graph\":[{\"@type\":\"WebPage\",\"@id\":\"https:\/\/esprityamak.com\/fr\/esprit-yamakasi-lettres-a-un-petit-frere\/\",\"url\":\"https:\/\/esprityamak.com\/fr\/esprit-yamakasi-lettres-a-un-petit-frere\/\",\"name\":\"ESPRIT YAMAKASI, LETTRES A UN PETIT FRERE &#8211; ESPRIT YAMAK\",\"isPartOf\":{\"@id\":\"https:\/\/esprityamak.com\/fr\/#website\"},\"primaryImageOfPage\":{\"@id\":\"https:\/\/esprityamak.com\/fr\/esprit-yamakasi-lettres-a-un-petit-frere\/#primaryimage\"},\"image\":{\"@id\":\"https:\/\/esprityamak.com\/fr\/esprit-yamakasi-lettres-a-un-petit-frere\/#primaryimage\"},\"thumbnailUrl\":\"https:\/\/esprityamak.com\/wp-content\/uploads\/2023\/10\/EspritYamakasi-LaurentPiemontesi-header.jpg\",\"datePublished\":\"2023-10-17T14:09:47+00:00\",\"dateModified\":\"2024-06-07T15:27:53+00:00\",\"description\":\"Le premier livre \u00e9crit int\u00e9gralement par l'un d'entre nous sur l'histoire Yamakasi et celle de l'Art Du D\u00e9placement. Un t\u00e9moignage direct de Laurent Piemontesi sur les origines de la pratique qui permet de mieux comprendre comment l\u2019Art Du D\u00e9placement a su d\u00e9velopper une philosophie du mouvement coh\u00e9rente,\",\"breadcrumb\":{\"@id\":\"https:\/\/esprityamak.com\/fr\/esprit-yamakasi-lettres-a-un-petit-frere\/#breadcrumb\"},\"inLanguage\":\"fr-FR\",\"potentialAction\":[{\"@type\":\"ReadAction\",\"target\":[\"https:\/\/esprityamak.com\/fr\/esprit-yamakasi-lettres-a-un-petit-frere\/\"]}]},{\"@type\":\"ImageObject\",\"inLanguage\":\"fr-FR\",\"@id\":\"https:\/\/esprityamak.com\/fr\/esprit-yamakasi-lettres-a-un-petit-frere\/#primaryimage\",\"url\":\"https:\/\/esprityamak.com\/wp-content\/uploads\/2023\/10\/EspritYamakasi-LaurentPiemontesi-header.jpg\",\"contentUrl\":\"https:\/\/esprityamak.com\/wp-content\/uploads\/2023\/10\/EspritYamakasi-LaurentPiemontesi-header.jpg\",\"width\":1417,\"height\":792,\"caption\":\"Esprit Yamakasi LaurentPiemontesi\"},{\"@type\":\"BreadcrumbList\",\"@id\":\"https:\/\/esprityamak.com\/fr\/esprit-yamakasi-lettres-a-un-petit-frere\/#breadcrumb\",\"itemListElement\":[{\"@type\":\"ListItem\",\"position\":1,\"name\":\"Home\",\"item\":\"https:\/\/esprityamak.com\/fr\/\"},{\"@type\":\"ListItem\",\"position\":2,\"name\":\"ESPRIT YAMAKASI, LETTRES A UN PETIT FRERE\"}]},{\"@type\":\"WebSite\",\"@id\":\"https:\/\/esprityamak.com\/fr\/#website\",\"url\":\"https:\/\/esprityamak.com\/fr\/\",\"name\":\"ESPRIT YAMAK\",\"description\":\"ART DU D\u00c9PLACEMENT by LAURENT PIEMONTESI\",\"publisher\":{\"@id\":\"https:\/\/esprityamak.com\/fr\/#organization\"},\"potentialAction\":[{\"@type\":\"SearchAction\",\"target\":{\"@type\":\"EntryPoint\",\"urlTemplate\":\"https:\/\/esprityamak.com\/fr\/?s={search_term_string}\"},\"query-input\":{\"@type\":\"PropertyValueSpecification\",\"valueRequired\":true,\"valueName\":\"search_term_string\"}}],\"inLanguage\":\"fr-FR\"},{\"@type\":\"Organization\",\"@id\":\"https:\/\/esprityamak.com\/fr\/#organization\",\"name\":\"Laurent Piemontesi\",\"url\":\"https:\/\/esprityamak.com\/fr\/\",\"logo\":{\"@type\":\"ImageObject\",\"inLanguage\":\"fr-FR\",\"@id\":\"https:\/\/esprityamak.com\/fr\/#\/schema\/logo\/image\/\",\"url\":\"https:\/\/esprityamak.com\/wp-content\/uploads\/2020\/11\/ADD-logo.png\",\"contentUrl\":\"https:\/\/esprityamak.com\/wp-content\/uploads\/2020\/11\/ADD-logo.png\",\"width\":2000,\"height\":2000,\"caption\":\"Laurent Piemontesi\"},\"image\":{\"@id\":\"https:\/\/esprityamak.com\/fr\/#\/schema\/logo\/image\/\"},\"sameAs\":[\"https:\/\/www.facebook.com\/laurent.piemontesi\",\"https:\/\/www.instagram.com\/laurentpiemontesi\/\"]}]}<\/script>\n<!-- \/ Yoast SEO plugin. -->","yoast_head_json":{"title":"ESPRIT YAMAKASI, LETTRES A UN PETIT FRERE &#8211; ESPRIT YAMAK","description":"Le premier livre \u00e9crit int\u00e9gralement par l'un d'entre nous sur l'histoire Yamakasi et celle de l'Art Du D\u00e9placement. Un t\u00e9moignage direct de Laurent Piemontesi sur les origines de la pratique qui permet de mieux comprendre comment l\u2019Art Du D\u00e9placement a su d\u00e9velopper une philosophie du mouvement coh\u00e9rente,","robots":{"index":"index","follow":"follow","max-snippet":"max-snippet:-1","max-image-preview":"max-image-preview:large","max-video-preview":"max-video-preview:-1"},"canonical":"https:\/\/esprityamak.com\/fr\/esprit-yamakasi-lettres-a-un-petit-frere\/","og_locale":"fr_FR","og_type":"article","og_title":"ESPRIT YAMAKASI, LETTRES A UN PETIT FRERE &#8211; ESPRIT YAMAK","og_description":"Le premier livre \u00e9crit int\u00e9gralement par l'un d'entre nous sur l'histoire Yamakasi et celle de l'Art Du D\u00e9placement. Un t\u00e9moignage direct de Laurent Piemontesi sur les origines de la pratique qui permet de mieux comprendre comment l\u2019Art Du D\u00e9placement a su d\u00e9velopper une philosophie du mouvement coh\u00e9rente,","og_url":"https:\/\/esprityamak.com\/fr\/esprit-yamakasi-lettres-a-un-petit-frere\/","og_site_name":"ESPRIT YAMAK","article_publisher":"https:\/\/www.facebook.com\/laurent.piemontesi","article_modified_time":"2024-06-07T15:27:53+00:00","og_image":[{"width":1417,"height":792,"url":"https:\/\/esprityamak.com\/wp-content\/uploads\/2023\/10\/EspritYamakasi-LaurentPiemontesi-header.jpg","type":"image\/jpeg"}],"twitter_card":"summary_large_image","twitter_misc":{"Dur\u00e9e de lecture estim\u00e9e":"3 minutes"},"schema":{"@context":"https:\/\/schema.org","@graph":[{"@type":"WebPage","@id":"https:\/\/esprityamak.com\/fr\/esprit-yamakasi-lettres-a-un-petit-frere\/","url":"https:\/\/esprityamak.com\/fr\/esprit-yamakasi-lettres-a-un-petit-frere\/","name":"ESPRIT YAMAKASI, LETTRES A UN PETIT FRERE &#8211; ESPRIT YAMAK","isPartOf":{"@id":"https:\/\/esprityamak.com\/fr\/#website"},"primaryImageOfPage":{"@id":"https:\/\/esprityamak.com\/fr\/esprit-yamakasi-lettres-a-un-petit-frere\/#primaryimage"},"image":{"@id":"https:\/\/esprityamak.com\/fr\/esprit-yamakasi-lettres-a-un-petit-frere\/#primaryimage"},"thumbnailUrl":"https:\/\/esprityamak.com\/wp-content\/uploads\/2023\/10\/EspritYamakasi-LaurentPiemontesi-header.jpg","datePublished":"2023-10-17T14:09:47+00:00","dateModified":"2024-06-07T15:27:53+00:00","description":"Le premier livre \u00e9crit int\u00e9gralement par l'un d'entre nous sur l'histoire Yamakasi et celle de l'Art Du D\u00e9placement. Un t\u00e9moignage direct de Laurent Piemontesi sur les origines de la pratique qui permet de mieux comprendre comment l\u2019Art Du D\u00e9placement a su d\u00e9velopper une philosophie du mouvement coh\u00e9rente,","breadcrumb":{"@id":"https:\/\/esprityamak.com\/fr\/esprit-yamakasi-lettres-a-un-petit-frere\/#breadcrumb"},"inLanguage":"fr-FR","potentialAction":[{"@type":"ReadAction","target":["https:\/\/esprityamak.com\/fr\/esprit-yamakasi-lettres-a-un-petit-frere\/"]}]},{"@type":"ImageObject","inLanguage":"fr-FR","@id":"https:\/\/esprityamak.com\/fr\/esprit-yamakasi-lettres-a-un-petit-frere\/#primaryimage","url":"https:\/\/esprityamak.com\/wp-content\/uploads\/2023\/10\/EspritYamakasi-LaurentPiemontesi-header.jpg","contentUrl":"https:\/\/esprityamak.com\/wp-content\/uploads\/2023\/10\/EspritYamakasi-LaurentPiemontesi-header.jpg","width":1417,"height":792,"caption":"Esprit Yamakasi LaurentPiemontesi"},{"@type":"BreadcrumbList","@id":"https:\/\/esprityamak.com\/fr\/esprit-yamakasi-lettres-a-un-petit-frere\/#breadcrumb","itemListElement":[{"@type":"ListItem","position":1,"name":"Home","item":"https:\/\/esprityamak.com\/fr\/"},{"@type":"ListItem","position":2,"name":"ESPRIT YAMAKASI, LETTRES A UN PETIT FRERE"}]},{"@type":"WebSite","@id":"https:\/\/esprityamak.com\/fr\/#website","url":"https:\/\/esprityamak.com\/fr\/","name":"ESPRIT YAMAK","description":"ART DU D\u00c9PLACEMENT by LAURENT PIEMONTESI","publisher":{"@id":"https:\/\/esprityamak.com\/fr\/#organization"},"potentialAction":[{"@type":"SearchAction","target":{"@type":"EntryPoint","urlTemplate":"https:\/\/esprityamak.com\/fr\/?s={search_term_string}"},"query-input":{"@type":"PropertyValueSpecification","valueRequired":true,"valueName":"search_term_string"}}],"inLanguage":"fr-FR"},{"@type":"Organization","@id":"https:\/\/esprityamak.com\/fr\/#organization","name":"Laurent Piemontesi","url":"https:\/\/esprityamak.com\/fr\/","logo":{"@type":"ImageObject","inLanguage":"fr-FR","@id":"https:\/\/esprityamak.com\/fr\/#\/schema\/logo\/image\/","url":"https:\/\/esprityamak.com\/wp-content\/uploads\/2020\/11\/ADD-logo.png","contentUrl":"https:\/\/esprityamak.com\/wp-content\/uploads\/2020\/11\/ADD-logo.png","width":2000,"height":2000,"caption":"Laurent Piemontesi"},"image":{"@id":"https:\/\/esprityamak.com\/fr\/#\/schema\/logo\/image\/"},"sameAs":["https:\/\/www.facebook.com\/laurent.piemontesi","https:\/\/www.instagram.com\/laurentpiemontesi\/"]}]}},"_links":{"self":[{"href":"https:\/\/esprityamak.com\/fr\/wp-json\/wp\/v2\/pages\/429","targetHints":{"allow":["GET"]}}],"collection":[{"href":"https:\/\/esprityamak.com\/fr\/wp-json\/wp\/v2\/pages"}],"about":[{"href":"https:\/\/esprityamak.com\/fr\/wp-json\/wp\/v2\/types\/page"}],"author":[{"embeddable":true,"href":"https:\/\/esprityamak.com\/fr\/wp-json\/wp\/v2\/users\/1"}],"replies":[{"embeddable":true,"href":"https:\/\/esprityamak.com\/fr\/wp-json\/wp\/v2\/comments?post=429"}],"version-history":[{"count":12,"href":"https:\/\/esprityamak.com\/fr\/wp-json\/wp\/v2\/pages\/429\/revisions"}],"predecessor-version":[{"id":484,"href":"https:\/\/esprityamak.com\/fr\/wp-json\/wp\/v2\/pages\/429\/revisions\/484"}],"wp:featuredmedia":[{"embeddable":true,"href":"https:\/\/esprityamak.com\/fr\/wp-json\/wp\/v2\/media\/446"}],"wp:attachment":[{"href":"https:\/\/esprityamak.com\/fr\/wp-json\/wp\/v2\/media?parent=429"}],"curies":[{"name":"wp","href":"https:\/\/api.w.org\/{rel}","templated":true}]}}