{"id":129,"date":"2020-12-18T20:21:04","date_gmt":"2020-12-18T20:21:04","guid":{"rendered":"https:\/\/esprityamak.com\/?page_id=129"},"modified":"2021-02-15T19:31:04","modified_gmt":"2021-02-15T19:31:04","slug":"training-philosophy-le-corps-pensant","status":"publish","type":"page","link":"https:\/\/esprityamak.com\/it\/training-philosophy-le-corps-pensant\/","title":{"rendered":"Training philosophy, le corps pensant"},"content":{"rendered":"\n<p>Quando&nbsp;affermo di aver scoperto un modo di trasmettere, una pedagogia, non pretendo di averlo inventato. E non escludo che qualcun altro ci abbia pensato prima. Per\u00f2 l\u2019ho sviluppato praticando, quindi su me stesso in primo luogo. Un po\u2019 come un ricercatore che fa delle prove su un topo&#8230; E il topo ero io. <br>Da quando mi alleno non mi sono mai scritto un programma d\u2019allenamento, ho raccolto dati ed informazioni che ho archiviato nel mio cervello. Pazientemente. Ho potuto stampare nella mia testa e nel mio corpo le varie routine perch\u00e9 avevo una costanza quasi patologica. Poi le ho trasmesse, cercando di migliorarle perpetuamente. Nessuno di questi allenamenti richiedeva un materiale specifico, dovevo poterli fare ovunque, in qualsiasi momento. Era il mio chiodo fisso.<br>No excuse dicono, s\u00ec s\u00ec, iniziamo gi\u00e0 a trovare la ragione.<\/p>\n\n\n\n<p>Spiegare una tecnica, individuarne i dettagli non \u00e8 una cosa insormontabile. Basta guardare un tutorial da Mister Tuto&#8230; O leggere un libro della scienza dei sapienti. <br>Assicurarsi di averla compresa, o che sia stata compresa: un altro paio di maniche. Nemmeno l\u2019esecuzione della cosiddetta tecnica sar\u00e0 un compito facile. Capire non vuol dire di poter riprodurre, significa solo che abbiamo capito. Semplice come buongiorno.<br>Come non smetto di ripetere: <\/p>\n\n\n\n<h5 class=\"has-text-align-center wp-block-heading\"><em>CAPIRE IL CONCETTO E PRATICARE IL CONCETTO<\/em><\/h5>\n\n\n\n<div style=\"height:50px\" aria-hidden=\"true\" class=\"wp-block-spacer\"><\/div>\n\n\n\n<p>La tappa di familiarizzazione durante la prima parte dell\u2019apprendimento permette di farlo con tranquillit\u00e0 e serenit\u00e0. Non esiste l\u2019obbligo di risultati in quel momento. Tenere a mente questo mantra permette di accettare i momenti di frustrazione durante la pratica.<br>Mille volte ho martellato che la frustrazione \u00e8 inevitabile quando si impara qualcosa di nuovo. E del tutto normale. Saperlo, ricordarselo potrebbe aiutare chiunque mostri una severit\u00e0 estrema verso s\u00e9 stesso, stessa. Poi sottolineare la sola frustrazione altera lo stato di lucidit\u00e0 poich\u00e9 si tende ad irritarsi, al suo parossismo porta alla rabbia, a quel punto siamo fregati. La mente si irrigidisce e naturalmente il corpo segue l\u2019umore tumultuoso. S\u2019innesca allora un circolo vizioso in cui non si cessa di registrare false informazioni, in testa a tutte: l\u2019incapacit\u00e0.<\/p>\n\n\n\n<p>Pesa il mondo d\u2019immagine e d\u2019apparenza in cui viviamo, chiaro. Si nega o vieta il diritto all\u2019errore, si fatica a riconoscere la bravura altrui. Come se noi stessi diventassimo meno bravi, meno validi e perdessimo valore. Il mondo \u00e8 pieno zeppo di persone a cui non si \u00e8 mai davvero saputo dire bravo, e lo racconto nel mio *libro quando parlo della *psicologia dell\u2019Art du D\u00e9placement.<br>Chi non riesce \u00e8 uno sfigato, chi non siede sul podio \u00e8 un perdente. Chi \u00e8 diverso \u00e8 anomalo. <br>Avendo in mente quelle considerazioni, ho un approccio particolare con i bambini e ragazzi. Combatto la loro propensione ad auto-distribuirsi dello schifo quando sbagliano. Perch\u00e9 agiscono per imitazione, ripetono quello che sentono. Distruggo con calma e coerenza i miti di carta e gli eroi del coraggio meteo. Prendo il tempo di spiegare la differenza tra uno SBAGLIO ed una RISPOSTA che non corrisponde alla domanda. Perch\u00e9 si parte da qui, da loro. Anche con gli adulti, non \u00e8 mai troppo tardi.<\/p>\n\n\n\n<p>Pu\u00f2 succedere di essere un po\u2019 lento nell\u2019applicazione, ed \u00e8 normale, imparare una nuova tecnica \u00e8 un po\u2019 come imparare una nuova lingua: si cerca prima quello che si deve dire nel proprio linguaggio, parola per parola, poi si recita. Quindi pensiamo ad ogni gesto da fare prima di restituire il tutto in un pezzo unico ed armonioso. La strada pi\u00f9 corta \u00e8 quella di affidarsi ad un manuale tutto pronto e dettagliato delle procedure da seguire, e cos\u00ec accontentare il collezionista dell\u2019immediato. L\u2019ego delle classifiche o dei pezzi di carta controfirmati.<br>Preferisco i sentieri pi\u00f9 lunghi fatti di ricerca, vagabondaggio ed errori che spingono a creare o aggiornare le connessioni tra la testa e il corpo. Favoriscono un\u2019apertura ed una interazione col mondo sotto i piedi e a portata di mano, ma anche con quello che parla diverso.<br>\u00c8 un percorso impegnativo, infinito se tutto va bene.<br>Per\u00f2 si sviluppa uno stato d\u2019animo capace di auto-critica, quindi una certa autonomia in situazioni di resistenza o scontro, per non rovinare nulla, cresce l\u2019adattabilit\u00e0 assieme alla creativit\u00e0. Durevolmente.<br>Dalla pratica e dalle ripetizioni nascono automatismi, ci\u00f2 significa che stiamo assimilando.<\/p>\n\n\n\n<p>Tuttavia dopo aver condotto esperimenti su di me, poi notato alcune reazioni, ho dovuto verificare in che misura potevano essere utili agli altri. Come potevo trasmettere le mie conoscenze e dargli un senso che supera la sola mia persona. Renderle comprensibili e fruibili. Perch\u00e9 l\u2019esperienza non sia fine a s\u00e9 stessa o giusto una testimonianza.<br>Baci, lacrime, abbracci, grazie della partecipazione e alla prossima cari amici.<br>Ho conservato i concetti senza imprigionarli in schemi immutabili. Li ho resi flessibili e adattabili in modo di partire sempre prima dalle persone.<\/p>\n\n\n\n<h5 class=\"has-text-align-center wp-block-heading\"><em>LE PERSONE PRIMA DEI CODICI<\/em><\/h5>\n\n\n\n<div style=\"height:50px\" aria-hidden=\"true\" class=\"wp-block-spacer\"><\/div>\n\n\n\n<p>Quando mi alleno o alleno gli altri cerco l\u2019armonia, non l\u2019estetica. Cos\u00ec rispetto molto di pi\u00f9 l\u2019identit\u00e0 motoria d\u2019un Yamak. Una filosofia sicuramente pi\u00f9 inclusiva perch\u00e9 considera tutti profili fisici, storie, dolori e desideri di chi ha voglia di muoversi. L\u2019accesso al movimento di conseguenza \u00e8 pi\u00f9 ampio e democratico.<br>Questa cura particolare mi ha portato al concetto della <em>PERFORMANCE INDIVIDUALE<\/em>, al suo riconoscimento e alla sua valutazione attraverso strumenti e criteri specifici. Non partiamo tutti sulla stessa linea e non vogliamo arrivare tutti allo stesso punto. Cos\u00ec si pu\u00f2 arrivare ad una massima espressione del potenziale individuale, allo sviluppo dell\u2019individuo.<br>Sebbene scontato, \u00e8 fondamentale non perdere di vista la grande diversit\u00e0 che caratterizza l\u2019essere umano. Per integrare efficacemente questo luogo comune occorre osservare, ascoltare le persone.<br>\u00c8 importante ascoltare. Per davvero.<\/p>\n\n\n\n<p>Non basta rispondere ad uno o una che ha paura:<br><em>&#8211; Non avere paura.<\/em><br>Sarebbe come dire ad uno che ha male:<br><em>&#8211; Non avere male.<\/em><br><em>&#8211; D\u2019accordo grazie, adesso sto meglio!<\/em><br>Non guarir\u00e0 cos\u00ec\u2026<\/p>\n\n\n\n<p>Nel caso della paura dobbiamo individuare prima di tutto quello che la motiva. Poi da l\u00ec smontarne i meccanismi in modo tangibile. Non essere troppo mistico a meno che si ricorra all\u2019umorismo. Quasi ogni volta quando procedo allo smantellamento della paura, del bloccaggio, integro la persona in questione nel ragionamento. Ma \u00e8 un&#8217;altra storia.<br>Di fatto inizio dalle persone, non da schemi, numeri e metodi ciechi. Quelli onnipresenti nella trasmissione di massa che schiacciano l\u2019umano e impediscono l\u2019espressione delle sue diverse abilit\u00e0. Perch\u00e9 scarseggia il tempo? La voglia? Mancano il contenuto e il contenitore? Forse perch\u00e9 non \u00e8 la missione. Non l\u2019ho studiato sui libri o pensato a teorie che poi ho sperimentato per osservane la veracit\u00e0.<br>Prima ho fatto e solo dopo ho concettualizzato, con gli amici, poi da solo. Ho applicato. Quindi sono stato pratico. Concreto.<br>Certo non \u00e8 perfetto ma nessun metodo lo \u00e8. So bene che il mio approccio non conviene a chi ha bisogno di spiegazioni da non finire mai pi\u00f9 o chi \u00e8 stato abituato a seguire le frecce. A chi vuole la destinazione senza il viaggio. Attraverso gli esercizi do informazioni, o chiavi, pi\u00f9 ne abbiamo a disposizione e pi\u00f9 porte si possono aprire.<\/p>\n\n\n\n<p>A volte pu\u00f2 essere lungo perch\u00e9 devo decostruire gli schemi generici e abbattere le false credenze, spesso importate dagli altri. Dopo questo allora posso concentrarmi sulla tappa che ho chiamato <em>ACQUISIZIONE DELLE CERTEZZE<\/em>. Sulle certezze si sviluppa una fiducia in s\u00e9 stessi, e per estensione una consapevolezza oggettiva delle proprie capacit\u00e0. Il ruolo del coach, insegnante diventa fondamentale, anche solo per spiegare le differenze tra autostima e arroganza. Tra umilt\u00e0 e insicurezza. Deve sapere mettere il suo ego in tasca ed accettare di essere un accompagnatore, una guida. Le certezze non devono essere di sua propriet\u00e0 ma della persona che allena. Si, so che sembra ovvio, ma sembra solo.<\/p>\n\n\n\n<h5 class=\"has-text-align-center wp-block-heading\"><em><em>IL COACH SOSTIENE NELLA DISFATTA E STA LONTANO NELLA VITTORIA ALTRUI, PER NON ROVINARNE I BENEFICI<\/em><\/em><\/h5>\n\n\n\n<div style=\"height:100px\" aria-hidden=\"true\" class=\"wp-block-spacer\"><\/div>\n\n\n\n<p style=\"font-size:12px\">*<em>psicologia dell\u2019Art du D\u00e9placement: Parlando con Williams ho scelto di chiamare cos\u00ec quello che chiamavo per anni \u201cl\u2019aspetto mentale\u201d della pratica. Perch\u00e9 lo trovavo limitativo ed incompleto. Ancora non so se lo far\u00f2 leggere a tutti perch\u00e9 con quello che ho capito e spiego penso possa diventare qualcosa di pericoloso messo nelle mani sbagliate.<\/em><\/p>\n\n\n\n<p style=\"font-size:12px\"><em>*libro, un giorno verr\u00e0 pubblicato in un modo o un altro.<\/em><\/p>\n","protected":false},"excerpt":{"rendered":"<p>Quando&nbsp;affermo di aver scoperto un modo di trasmettere, una pedagogia, non pretendo di averlo inventato. E non escludo che qualcun altro ci abbia pensato prima. Per\u00f2 l\u2019ho sviluppato praticando, quindi su me stesso in primo luogo. Un po\u2019 come un ricercatore che fa delle prove su un topo&#8230; E il topo ero io. Da quando [&hellip;]<\/p>\n","protected":false},"author":2,"featured_media":153,"parent":0,"menu_order":0,"comment_status":"closed","ping_status":"closed","template":"","meta":{"footnotes":""},"class_list":["post-129","page","type-page","status-publish","has-post-thumbnail","hentry"],"yoast_head":"<!-- This site is optimized with the Yoast SEO plugin v27.1.1 - https:\/\/yoast.com\/product\/yoast-seo-wordpress\/ -->\n<title>Training philosophy, le corps pensant &#8211; ESPRIT YAMAK<\/title>\n<meta name=\"robots\" content=\"index, follow, max-snippet:-1, max-image-preview:large, max-video-preview:-1\" \/>\n<link rel=\"canonical\" href=\"https:\/\/esprityamak.com\/it\/training-philosophy-le-corps-pensant\/\" \/>\n<meta property=\"og:locale\" content=\"it_IT\" \/>\n<meta property=\"og:type\" content=\"article\" \/>\n<meta property=\"og:title\" content=\"Training philosophy, le corps pensant &#8211; ESPRIT YAMAK\" \/>\n<meta property=\"og:description\" content=\"Quando&nbsp;affermo di aver scoperto un modo di trasmettere, una pedagogia, non pretendo di averlo inventato. E non escludo che qualcun altro ci abbia pensato prima. Per\u00f2 l\u2019ho sviluppato praticando, quindi su me stesso in primo luogo. Un po\u2019 come un ricercatore che fa delle prove su un topo&#8230; E il topo ero io. Da quando [&hellip;]\" \/>\n<meta property=\"og:url\" content=\"https:\/\/esprityamak.com\/it\/training-philosophy-le-corps-pensant\/\" \/>\n<meta property=\"og:site_name\" content=\"ESPRIT YAMAK\" \/>\n<meta property=\"article:publisher\" content=\"https:\/\/www.facebook.com\/laurent.piemontesi\" \/>\n<meta property=\"article:modified_time\" content=\"2021-02-15T19:31:04+00:00\" \/>\n<meta property=\"og:image\" content=\"https:\/\/esprityamak.com\/wp-content\/uploads\/2020\/12\/Laurent-piemontesi-tavoli-bianchi-scaled.jpg\" \/>\n\t<meta property=\"og:image:width\" content=\"2560\" \/>\n\t<meta property=\"og:image:height\" content=\"1790\" \/>\n\t<meta property=\"og:image:type\" content=\"image\/jpeg\" \/>\n<meta name=\"twitter:card\" content=\"summary_large_image\" \/>\n<meta name=\"twitter:label1\" content=\"Tempo di lettura stimato\" \/>\n\t<meta name=\"twitter:data1\" content=\"6 minuti\" \/>\n<script type=\"application\/ld+json\" class=\"yoast-schema-graph\">{\"@context\":\"https:\/\/schema.org\",\"@graph\":[{\"@type\":\"WebPage\",\"@id\":\"https:\/\/esprityamak.com\/it\/training-philosophy-le-corps-pensant\/\",\"url\":\"https:\/\/esprityamak.com\/it\/training-philosophy-le-corps-pensant\/\",\"name\":\"Training philosophy, le corps pensant &#8211; ESPRIT YAMAK\",\"isPartOf\":{\"@id\":\"https:\/\/esprityamak.com\/it\/#website\"},\"primaryImageOfPage\":{\"@id\":\"https:\/\/esprityamak.com\/it\/training-philosophy-le-corps-pensant\/#primaryimage\"},\"image\":{\"@id\":\"https:\/\/esprityamak.com\/it\/training-philosophy-le-corps-pensant\/#primaryimage\"},\"thumbnailUrl\":\"https:\/\/esprityamak.com\/wp-content\/uploads\/2020\/12\/Laurent-piemontesi-tavoli-bianchi-scaled.jpg\",\"datePublished\":\"2020-12-18T20:21:04+00:00\",\"dateModified\":\"2021-02-15T19:31:04+00:00\",\"breadcrumb\":{\"@id\":\"https:\/\/esprityamak.com\/it\/training-philosophy-le-corps-pensant\/#breadcrumb\"},\"inLanguage\":\"it-IT\",\"potentialAction\":[{\"@type\":\"ReadAction\",\"target\":[\"https:\/\/esprityamak.com\/it\/training-philosophy-le-corps-pensant\/\"]}]},{\"@type\":\"ImageObject\",\"inLanguage\":\"it-IT\",\"@id\":\"https:\/\/esprityamak.com\/it\/training-philosophy-le-corps-pensant\/#primaryimage\",\"url\":\"https:\/\/esprityamak.com\/wp-content\/uploads\/2020\/12\/Laurent-piemontesi-tavoli-bianchi-scaled.jpg\",\"contentUrl\":\"https:\/\/esprityamak.com\/wp-content\/uploads\/2020\/12\/Laurent-piemontesi-tavoli-bianchi-scaled.jpg\",\"width\":2560,\"height\":1790,\"caption\":\"Laurent Piemontesi training tavoli bianchi\"},{\"@type\":\"BreadcrumbList\",\"@id\":\"https:\/\/esprityamak.com\/it\/training-philosophy-le-corps-pensant\/#breadcrumb\",\"itemListElement\":[{\"@type\":\"ListItem\",\"position\":1,\"name\":\"Home\",\"item\":\"https:\/\/esprityamak.com\/it\/\"},{\"@type\":\"ListItem\",\"position\":2,\"name\":\"Training philosophy, le corps pensant\"}]},{\"@type\":\"WebSite\",\"@id\":\"https:\/\/esprityamak.com\/it\/#website\",\"url\":\"https:\/\/esprityamak.com\/it\/\",\"name\":\"ESPRIT YAMAK\",\"description\":\"ART DU D\u00c9PLACEMENT by LAURENT PIEMONTESI\",\"publisher\":{\"@id\":\"https:\/\/esprityamak.com\/it\/#organization\"},\"potentialAction\":[{\"@type\":\"SearchAction\",\"target\":{\"@type\":\"EntryPoint\",\"urlTemplate\":\"https:\/\/esprityamak.com\/it\/?s={search_term_string}\"},\"query-input\":{\"@type\":\"PropertyValueSpecification\",\"valueRequired\":true,\"valueName\":\"search_term_string\"}}],\"inLanguage\":\"it-IT\"},{\"@type\":\"Organization\",\"@id\":\"https:\/\/esprityamak.com\/it\/#organization\",\"name\":\"Laurent Piemontesi\",\"url\":\"https:\/\/esprityamak.com\/it\/\",\"logo\":{\"@type\":\"ImageObject\",\"inLanguage\":\"it-IT\",\"@id\":\"https:\/\/esprityamak.com\/it\/#\/schema\/logo\/image\/\",\"url\":\"https:\/\/esprityamak.com\/wp-content\/uploads\/2020\/11\/ADD-logo.png\",\"contentUrl\":\"https:\/\/esprityamak.com\/wp-content\/uploads\/2020\/11\/ADD-logo.png\",\"width\":2000,\"height\":2000,\"caption\":\"Laurent Piemontesi\"},\"image\":{\"@id\":\"https:\/\/esprityamak.com\/it\/#\/schema\/logo\/image\/\"},\"sameAs\":[\"https:\/\/www.facebook.com\/laurent.piemontesi\",\"https:\/\/www.instagram.com\/laurentpiemontesi\/\"]}]}<\/script>\n<!-- \/ Yoast SEO plugin. -->","yoast_head_json":{"title":"Training philosophy, le corps pensant &#8211; ESPRIT YAMAK","robots":{"index":"index","follow":"follow","max-snippet":"max-snippet:-1","max-image-preview":"max-image-preview:large","max-video-preview":"max-video-preview:-1"},"canonical":"https:\/\/esprityamak.com\/it\/training-philosophy-le-corps-pensant\/","og_locale":"it_IT","og_type":"article","og_title":"Training philosophy, le corps pensant &#8211; ESPRIT YAMAK","og_description":"Quando&nbsp;affermo di aver scoperto un modo di trasmettere, una pedagogia, non pretendo di averlo inventato. E non escludo che qualcun altro ci abbia pensato prima. Per\u00f2 l\u2019ho sviluppato praticando, quindi su me stesso in primo luogo. Un po\u2019 come un ricercatore che fa delle prove su un topo&#8230; E il topo ero io. Da quando [&hellip;]","og_url":"https:\/\/esprityamak.com\/it\/training-philosophy-le-corps-pensant\/","og_site_name":"ESPRIT YAMAK","article_publisher":"https:\/\/www.facebook.com\/laurent.piemontesi","article_modified_time":"2021-02-15T19:31:04+00:00","og_image":[{"width":2560,"height":1790,"url":"https:\/\/esprityamak.com\/wp-content\/uploads\/2020\/12\/Laurent-piemontesi-tavoli-bianchi-scaled.jpg","type":"image\/jpeg"}],"twitter_card":"summary_large_image","twitter_misc":{"Tempo di lettura stimato":"6 minuti"},"schema":{"@context":"https:\/\/schema.org","@graph":[{"@type":"WebPage","@id":"https:\/\/esprityamak.com\/it\/training-philosophy-le-corps-pensant\/","url":"https:\/\/esprityamak.com\/it\/training-philosophy-le-corps-pensant\/","name":"Training philosophy, le corps pensant &#8211; ESPRIT YAMAK","isPartOf":{"@id":"https:\/\/esprityamak.com\/it\/#website"},"primaryImageOfPage":{"@id":"https:\/\/esprityamak.com\/it\/training-philosophy-le-corps-pensant\/#primaryimage"},"image":{"@id":"https:\/\/esprityamak.com\/it\/training-philosophy-le-corps-pensant\/#primaryimage"},"thumbnailUrl":"https:\/\/esprityamak.com\/wp-content\/uploads\/2020\/12\/Laurent-piemontesi-tavoli-bianchi-scaled.jpg","datePublished":"2020-12-18T20:21:04+00:00","dateModified":"2021-02-15T19:31:04+00:00","breadcrumb":{"@id":"https:\/\/esprityamak.com\/it\/training-philosophy-le-corps-pensant\/#breadcrumb"},"inLanguage":"it-IT","potentialAction":[{"@type":"ReadAction","target":["https:\/\/esprityamak.com\/it\/training-philosophy-le-corps-pensant\/"]}]},{"@type":"ImageObject","inLanguage":"it-IT","@id":"https:\/\/esprityamak.com\/it\/training-philosophy-le-corps-pensant\/#primaryimage","url":"https:\/\/esprityamak.com\/wp-content\/uploads\/2020\/12\/Laurent-piemontesi-tavoli-bianchi-scaled.jpg","contentUrl":"https:\/\/esprityamak.com\/wp-content\/uploads\/2020\/12\/Laurent-piemontesi-tavoli-bianchi-scaled.jpg","width":2560,"height":1790,"caption":"Laurent Piemontesi training tavoli bianchi"},{"@type":"BreadcrumbList","@id":"https:\/\/esprityamak.com\/it\/training-philosophy-le-corps-pensant\/#breadcrumb","itemListElement":[{"@type":"ListItem","position":1,"name":"Home","item":"https:\/\/esprityamak.com\/it\/"},{"@type":"ListItem","position":2,"name":"Training philosophy, le corps pensant"}]},{"@type":"WebSite","@id":"https:\/\/esprityamak.com\/it\/#website","url":"https:\/\/esprityamak.com\/it\/","name":"ESPRIT YAMAK","description":"ART DU D\u00c9PLACEMENT by LAURENT PIEMONTESI","publisher":{"@id":"https:\/\/esprityamak.com\/it\/#organization"},"potentialAction":[{"@type":"SearchAction","target":{"@type":"EntryPoint","urlTemplate":"https:\/\/esprityamak.com\/it\/?s={search_term_string}"},"query-input":{"@type":"PropertyValueSpecification","valueRequired":true,"valueName":"search_term_string"}}],"inLanguage":"it-IT"},{"@type":"Organization","@id":"https:\/\/esprityamak.com\/it\/#organization","name":"Laurent Piemontesi","url":"https:\/\/esprityamak.com\/it\/","logo":{"@type":"ImageObject","inLanguage":"it-IT","@id":"https:\/\/esprityamak.com\/it\/#\/schema\/logo\/image\/","url":"https:\/\/esprityamak.com\/wp-content\/uploads\/2020\/11\/ADD-logo.png","contentUrl":"https:\/\/esprityamak.com\/wp-content\/uploads\/2020\/11\/ADD-logo.png","width":2000,"height":2000,"caption":"Laurent Piemontesi"},"image":{"@id":"https:\/\/esprityamak.com\/it\/#\/schema\/logo\/image\/"},"sameAs":["https:\/\/www.facebook.com\/laurent.piemontesi","https:\/\/www.instagram.com\/laurentpiemontesi\/"]}]}},"_links":{"self":[{"href":"https:\/\/esprityamak.com\/it\/wp-json\/wp\/v2\/pages\/129","targetHints":{"allow":["GET"]}}],"collection":[{"href":"https:\/\/esprityamak.com\/it\/wp-json\/wp\/v2\/pages"}],"about":[{"href":"https:\/\/esprityamak.com\/it\/wp-json\/wp\/v2\/types\/page"}],"author":[{"embeddable":true,"href":"https:\/\/esprityamak.com\/it\/wp-json\/wp\/v2\/users\/2"}],"replies":[{"embeddable":true,"href":"https:\/\/esprityamak.com\/it\/wp-json\/wp\/v2\/comments?post=129"}],"version-history":[{"count":32,"href":"https:\/\/esprityamak.com\/it\/wp-json\/wp\/v2\/pages\/129\/revisions"}],"predecessor-version":[{"id":364,"href":"https:\/\/esprityamak.com\/it\/wp-json\/wp\/v2\/pages\/129\/revisions\/364"}],"wp:featuredmedia":[{"embeddable":true,"href":"https:\/\/esprityamak.com\/it\/wp-json\/wp\/v2\/media\/153"}],"wp:attachment":[{"href":"https:\/\/esprityamak.com\/it\/wp-json\/wp\/v2\/media?parent=129"}],"curies":[{"name":"wp","href":"https:\/\/api.w.org\/{rel}","templated":true}]}}