{"id":50,"date":"2020-11-15T23:01:20","date_gmt":"2020-11-15T23:01:20","guid":{"rendered":"https:\/\/esprityamak.com\/?page_id=50"},"modified":"2021-02-15T18:33:37","modified_gmt":"2021-02-15T18:33:37","slug":"da-lettres-a-un-petit-frere","status":"publish","type":"page","link":"https:\/\/esprityamak.com\/it\/da-lettres-a-un-petit-frere\/","title":{"rendered":"da &#8220;LETTRES \u00c0 UN PETIT FR\u00c8RE&#8221;"},"content":{"rendered":"\n<h2 class=\"has-text-align-center wp-block-heading\">origini dell&#8217;Art Du D\u00e9placement<\/h2>\n\n\n\n<h3 class=\"wp-block-heading\">(\u2026) COME PER OGNI COSA TI DEVI CHIEDERE COME TUTTO \u00c8 INIZIATO<\/h3>\n\n\n\n<p>Per cominciare devo parlarti del terreno su cui la pratica ha germogliato, dentro il quale ha fondato le sue radici, e del perch\u00e9 certi elementi l\u2019hanno influenzata, o condizionata.<br>Per terreno intendo luoghi fisici come i boschi, i parchi, la strada e i suoi edifici, ma anche e soprattutto le persone. Un mondo esterno senza menzogne, senza trucco e non asettico, quello vero, in cui siamo entrati in collisione con ogni sorta di vibrazione ed emozione. La frustrazione, l\u2019amore ostinato, la rabbia, la disperazione e la speranza irragionevole\u2026 l\u2019istinto di sopravvivenza.<br>Un terreno a cui noi siamo rimasti connessi.<br>Questo contatto permanente con il mondo esterno ha umanamente arricchito la nostra pratica, fino al punto in cui \u00e8 diventato un legame anche tra noi, la citt\u00e0 e i suoi abitanti. Non sarebbe stato cos\u00ec se fossimo rimasti dentro a una stanza, circondati da muri e coperti da un tetto.<br>Penso che questo ci abbia protetto dal non dimenticare.<br>Dimenticare da dove veniamo.<br>Dal nulla, in cui saremmo dovuti rimanere.<br>Grazie a questo contatto permanente abbiamo anche affinato la nostra sensibilit\u00e0, la nostra facolt\u00e0 d\u2019empatia. Una grande ricchezza per la trasmissione della nostra pratica, inestimabile. Un vero veleno per gli affari.<br>Raramente abbiamo disertato questo terreno di gioco.<br>Raramente abbiamo abbandonato questo mondo. Grezzo. Mi sarebbe piaciuto dire mai ma non ne sono cos\u00ec sicuro.<br>Siamo stati testimoni della cultura hip hop in Francia e, in qualche modo, ne siamo stati coinvolti. Quando fece la sua prima apparizione in Francia noi avevamo gi\u00e0 iniziato la nostra ricerca. Non ci ha subito influenzato dal punto di vista dei movimenti ma fu senza dubbio una fonte d\u2019ispirazione perch\u00e9 avevamo in comune il luogo di espressione.<br>La strada.<br>Cosa che ai nostri occhi gli conferiva rispettabilit\u00e0. (\u2026)<br>Abbiamo assistito all&#8217;inizio della diffusione della boxe tailandese fino al suo culmine. Una cultura della forza, della durezza e del combattimento, che ha incontrato un gran successo nei quartieri periferici, ed ha orientato alcune nostre esplorazioni dell&#8217;allenamento, attraverso giochi a volte anche aggressivi. (\u2026) Ma la dimensione combattente presente dell\u2019Art Du D\u00e9placement proviene da Yann originario d\u2019una cultura guerriera.<br>Dopo abbiamo \u201cincontrato\u201d la capoeira tramite Williams che ha avuto un&#8217;influenza notevole nella ricerca di fluidit\u00e0 che lui stesso ha denominato Naga. In Polonia ho incontrato uno dei pi\u00f9 vecchi maestri di capoeira Angola. Storie diverse ma un punto comune : o ti muovi o soccombi.<br>Tra gli altri fattori che hanno condizionato l\u2019Art Du D\u00e9placement e non poco, c&#8217;\u00e8 quello economico. Per farla breve venivamo da famiglie semplici, modeste. Non morivamo di fame, ma numerose attivit\u00e0 ci erano inaccessibili. Da adulti la situazione era poco pi\u00f9 brillante. Questa carenza economica ci ha costretto a stare lontano dalle attivit\u00e0 istituzionali.<br>\u00c8 stato un bene, una forza.<br>Non abbiamo avuto altra scelta che trovare altre risorse, quelle che la citt\u00e0 ci offriva gratuitamente. Senza lamentarci di quello che ci mancava, abbiamo usato quello che c&#8217;era. Muri, pali, panchine\u2026<br>Non era vietato, non era autorizzato.<br>Non avevamo neanche preso in considerazione le differenze dei nostri colori o delle nostre culture d\u2019origine, eravamo amici. Consideravamo le persone al di l\u00e0 della loro appartenenza etnica. Sono stati i media a darne risalto sottolineando la nostra variet\u00e0 cos\u00ec speciale, e solo allora ne abbiamo preso coscienza. Inconsciamente portavamo e portiamo un messaggio di pace e tolleranza. Anche se non sapevamo che fosse tolleranza.<br>Eravamo semplicemente amici.<br>Questo spiega in parte perch\u00e9 dove ci sono dei corsi dell\u2019Art Du D\u00e9placement riusciamo a mettere insieme delle persone con storie molto diverse. Naturalmente, senza forzare la mano.<\/p>\n\n\n\n<p style=\"font-size:12px\"><em>Brano tratto dal prologo di &#8220;Lettres \u00e0 un petit fr\u00e8re&#8221; di Laurent Piemontesi<\/em><\/p>\n","protected":false},"excerpt":{"rendered":"<p>origini dell&#8217;Art Du D\u00e9placement (\u2026) COME PER OGNI COSA TI DEVI CHIEDERE COME TUTTO \u00c8 INIZIATO Per cominciare devo parlarti del terreno su cui la pratica ha germogliato, dentro il quale ha fondato le sue radici, e del perch\u00e9 certi elementi l\u2019hanno influenzata, o condizionata.Per terreno intendo luoghi fisici come i boschi, i parchi, la [&hellip;]<\/p>\n","protected":false},"author":2,"featured_media":38,"parent":0,"menu_order":9,"comment_status":"closed","ping_status":"closed","template":"","meta":{"footnotes":""},"class_list":["post-50","page","type-page","status-publish","has-post-thumbnail","hentry"],"yoast_head":"<!-- This site is optimized with the Yoast SEO plugin v27.1.1 - https:\/\/yoast.com\/product\/yoast-seo-wordpress\/ -->\n<title>da &quot;LETTRES \u00c0 UN PETIT FR\u00c8RE&quot; &#8211; ESPRIT YAMAK<\/title>\n<meta name=\"robots\" content=\"index, follow, max-snippet:-1, max-image-preview:large, max-video-preview:-1\" \/>\n<link rel=\"canonical\" href=\"https:\/\/esprityamak.com\/it\/da-lettres-a-un-petit-frere\/\" \/>\n<meta property=\"og:locale\" content=\"it_IT\" \/>\n<meta property=\"og:type\" content=\"article\" \/>\n<meta property=\"og:title\" content=\"da &quot;LETTRES \u00c0 UN PETIT FR\u00c8RE&quot; &#8211; ESPRIT YAMAK\" \/>\n<meta property=\"og:description\" content=\"origini dell&#8217;Art Du D\u00e9placement (\u2026) COME PER OGNI COSA TI DEVI CHIEDERE COME TUTTO \u00c8 INIZIATO Per cominciare devo parlarti del terreno su cui la pratica ha germogliato, dentro il quale ha fondato le sue radici, e del perch\u00e9 certi elementi l\u2019hanno influenzata, o condizionata.Per terreno intendo luoghi fisici come i boschi, i parchi, la [&hellip;]\" \/>\n<meta property=\"og:url\" content=\"https:\/\/esprityamak.com\/it\/da-lettres-a-un-petit-frere\/\" \/>\n<meta property=\"og:site_name\" content=\"ESPRIT YAMAK\" \/>\n<meta property=\"article:publisher\" content=\"https:\/\/www.facebook.com\/laurent.piemontesi\" \/>\n<meta property=\"article:modified_time\" content=\"2021-02-15T18:33:37+00:00\" \/>\n<meta property=\"og:image\" content=\"https:\/\/esprityamak.com\/wp-content\/uploads\/2020\/11\/evry_grandparissud.jpg\" \/>\n\t<meta property=\"og:image:width\" content=\"1000\" \/>\n\t<meta property=\"og:image:height\" content=\"666\" \/>\n\t<meta property=\"og:image:type\" content=\"image\/jpeg\" \/>\n<meta name=\"twitter:card\" content=\"summary_large_image\" \/>\n<meta name=\"twitter:label1\" content=\"Tempo di lettura stimato\" \/>\n\t<meta name=\"twitter:data1\" content=\"3 minuti\" \/>\n<script type=\"application\/ld+json\" class=\"yoast-schema-graph\">{\"@context\":\"https:\/\/schema.org\",\"@graph\":[{\"@type\":\"WebPage\",\"@id\":\"https:\/\/esprityamak.com\/it\/da-lettres-a-un-petit-frere\/\",\"url\":\"https:\/\/esprityamak.com\/it\/da-lettres-a-un-petit-frere\/\",\"name\":\"da \\\"LETTRES \u00c0 UN PETIT FR\u00c8RE\\\" &#8211; ESPRIT YAMAK\",\"isPartOf\":{\"@id\":\"https:\/\/esprityamak.com\/it\/#website\"},\"primaryImageOfPage\":{\"@id\":\"https:\/\/esprityamak.com\/it\/da-lettres-a-un-petit-frere\/#primaryimage\"},\"image\":{\"@id\":\"https:\/\/esprityamak.com\/it\/da-lettres-a-un-petit-frere\/#primaryimage\"},\"thumbnailUrl\":\"https:\/\/esprityamak.com\/wp-content\/uploads\/2020\/11\/evry_grandparissud.jpg\",\"datePublished\":\"2020-11-15T23:01:20+00:00\",\"dateModified\":\"2021-02-15T18:33:37+00:00\",\"breadcrumb\":{\"@id\":\"https:\/\/esprityamak.com\/it\/da-lettres-a-un-petit-frere\/#breadcrumb\"},\"inLanguage\":\"it-IT\",\"potentialAction\":[{\"@type\":\"ReadAction\",\"target\":[\"https:\/\/esprityamak.com\/it\/da-lettres-a-un-petit-frere\/\"]}]},{\"@type\":\"ImageObject\",\"inLanguage\":\"it-IT\",\"@id\":\"https:\/\/esprityamak.com\/it\/da-lettres-a-un-petit-frere\/#primaryimage\",\"url\":\"https:\/\/esprityamak.com\/wp-content\/uploads\/2020\/11\/evry_grandparissud.jpg\",\"contentUrl\":\"https:\/\/esprityamak.com\/wp-content\/uploads\/2020\/11\/evry_grandparissud.jpg\",\"width\":1000,\"height\":666,\"caption\":\"Evry Paris add\"},{\"@type\":\"BreadcrumbList\",\"@id\":\"https:\/\/esprityamak.com\/it\/da-lettres-a-un-petit-frere\/#breadcrumb\",\"itemListElement\":[{\"@type\":\"ListItem\",\"position\":1,\"name\":\"Home\",\"item\":\"https:\/\/esprityamak.com\/it\/\"},{\"@type\":\"ListItem\",\"position\":2,\"name\":\"da &#8220;LETTRES \u00c0 UN PETIT FR\u00c8RE&#8221;\"}]},{\"@type\":\"WebSite\",\"@id\":\"https:\/\/esprityamak.com\/it\/#website\",\"url\":\"https:\/\/esprityamak.com\/it\/\",\"name\":\"ESPRIT YAMAK\",\"description\":\"ART DU D\u00c9PLACEMENT by LAURENT PIEMONTESI\",\"publisher\":{\"@id\":\"https:\/\/esprityamak.com\/it\/#organization\"},\"potentialAction\":[{\"@type\":\"SearchAction\",\"target\":{\"@type\":\"EntryPoint\",\"urlTemplate\":\"https:\/\/esprityamak.com\/it\/?s={search_term_string}\"},\"query-input\":{\"@type\":\"PropertyValueSpecification\",\"valueRequired\":true,\"valueName\":\"search_term_string\"}}],\"inLanguage\":\"it-IT\"},{\"@type\":\"Organization\",\"@id\":\"https:\/\/esprityamak.com\/it\/#organization\",\"name\":\"Laurent Piemontesi\",\"url\":\"https:\/\/esprityamak.com\/it\/\",\"logo\":{\"@type\":\"ImageObject\",\"inLanguage\":\"it-IT\",\"@id\":\"https:\/\/esprityamak.com\/it\/#\/schema\/logo\/image\/\",\"url\":\"https:\/\/esprityamak.com\/wp-content\/uploads\/2020\/11\/ADD-logo.png\",\"contentUrl\":\"https:\/\/esprityamak.com\/wp-content\/uploads\/2020\/11\/ADD-logo.png\",\"width\":2000,\"height\":2000,\"caption\":\"Laurent Piemontesi\"},\"image\":{\"@id\":\"https:\/\/esprityamak.com\/it\/#\/schema\/logo\/image\/\"},\"sameAs\":[\"https:\/\/www.facebook.com\/laurent.piemontesi\",\"https:\/\/www.instagram.com\/laurentpiemontesi\/\"]}]}<\/script>\n<!-- \/ Yoast SEO plugin. -->","yoast_head_json":{"title":"da \"LETTRES \u00c0 UN PETIT FR\u00c8RE\" &#8211; ESPRIT YAMAK","robots":{"index":"index","follow":"follow","max-snippet":"max-snippet:-1","max-image-preview":"max-image-preview:large","max-video-preview":"max-video-preview:-1"},"canonical":"https:\/\/esprityamak.com\/it\/da-lettres-a-un-petit-frere\/","og_locale":"it_IT","og_type":"article","og_title":"da \"LETTRES \u00c0 UN PETIT FR\u00c8RE\" &#8211; ESPRIT YAMAK","og_description":"origini dell&#8217;Art Du D\u00e9placement (\u2026) COME PER OGNI COSA TI DEVI CHIEDERE COME TUTTO \u00c8 INIZIATO Per cominciare devo parlarti del terreno su cui la pratica ha germogliato, dentro il quale ha fondato le sue radici, e del perch\u00e9 certi elementi l\u2019hanno influenzata, o condizionata.Per terreno intendo luoghi fisici come i boschi, i parchi, la [&hellip;]","og_url":"https:\/\/esprityamak.com\/it\/da-lettres-a-un-petit-frere\/","og_site_name":"ESPRIT YAMAK","article_publisher":"https:\/\/www.facebook.com\/laurent.piemontesi","article_modified_time":"2021-02-15T18:33:37+00:00","og_image":[{"width":1000,"height":666,"url":"https:\/\/esprityamak.com\/wp-content\/uploads\/2020\/11\/evry_grandparissud.jpg","type":"image\/jpeg"}],"twitter_card":"summary_large_image","twitter_misc":{"Tempo di lettura stimato":"3 minuti"},"schema":{"@context":"https:\/\/schema.org","@graph":[{"@type":"WebPage","@id":"https:\/\/esprityamak.com\/it\/da-lettres-a-un-petit-frere\/","url":"https:\/\/esprityamak.com\/it\/da-lettres-a-un-petit-frere\/","name":"da \"LETTRES \u00c0 UN PETIT FR\u00c8RE\" &#8211; ESPRIT YAMAK","isPartOf":{"@id":"https:\/\/esprityamak.com\/it\/#website"},"primaryImageOfPage":{"@id":"https:\/\/esprityamak.com\/it\/da-lettres-a-un-petit-frere\/#primaryimage"},"image":{"@id":"https:\/\/esprityamak.com\/it\/da-lettres-a-un-petit-frere\/#primaryimage"},"thumbnailUrl":"https:\/\/esprityamak.com\/wp-content\/uploads\/2020\/11\/evry_grandparissud.jpg","datePublished":"2020-11-15T23:01:20+00:00","dateModified":"2021-02-15T18:33:37+00:00","breadcrumb":{"@id":"https:\/\/esprityamak.com\/it\/da-lettres-a-un-petit-frere\/#breadcrumb"},"inLanguage":"it-IT","potentialAction":[{"@type":"ReadAction","target":["https:\/\/esprityamak.com\/it\/da-lettres-a-un-petit-frere\/"]}]},{"@type":"ImageObject","inLanguage":"it-IT","@id":"https:\/\/esprityamak.com\/it\/da-lettres-a-un-petit-frere\/#primaryimage","url":"https:\/\/esprityamak.com\/wp-content\/uploads\/2020\/11\/evry_grandparissud.jpg","contentUrl":"https:\/\/esprityamak.com\/wp-content\/uploads\/2020\/11\/evry_grandparissud.jpg","width":1000,"height":666,"caption":"Evry Paris add"},{"@type":"BreadcrumbList","@id":"https:\/\/esprityamak.com\/it\/da-lettres-a-un-petit-frere\/#breadcrumb","itemListElement":[{"@type":"ListItem","position":1,"name":"Home","item":"https:\/\/esprityamak.com\/it\/"},{"@type":"ListItem","position":2,"name":"da &#8220;LETTRES \u00c0 UN PETIT FR\u00c8RE&#8221;"}]},{"@type":"WebSite","@id":"https:\/\/esprityamak.com\/it\/#website","url":"https:\/\/esprityamak.com\/it\/","name":"ESPRIT YAMAK","description":"ART DU D\u00c9PLACEMENT by LAURENT PIEMONTESI","publisher":{"@id":"https:\/\/esprityamak.com\/it\/#organization"},"potentialAction":[{"@type":"SearchAction","target":{"@type":"EntryPoint","urlTemplate":"https:\/\/esprityamak.com\/it\/?s={search_term_string}"},"query-input":{"@type":"PropertyValueSpecification","valueRequired":true,"valueName":"search_term_string"}}],"inLanguage":"it-IT"},{"@type":"Organization","@id":"https:\/\/esprityamak.com\/it\/#organization","name":"Laurent Piemontesi","url":"https:\/\/esprityamak.com\/it\/","logo":{"@type":"ImageObject","inLanguage":"it-IT","@id":"https:\/\/esprityamak.com\/it\/#\/schema\/logo\/image\/","url":"https:\/\/esprityamak.com\/wp-content\/uploads\/2020\/11\/ADD-logo.png","contentUrl":"https:\/\/esprityamak.com\/wp-content\/uploads\/2020\/11\/ADD-logo.png","width":2000,"height":2000,"caption":"Laurent Piemontesi"},"image":{"@id":"https:\/\/esprityamak.com\/it\/#\/schema\/logo\/image\/"},"sameAs":["https:\/\/www.facebook.com\/laurent.piemontesi","https:\/\/www.instagram.com\/laurentpiemontesi\/"]}]}},"_links":{"self":[{"href":"https:\/\/esprityamak.com\/it\/wp-json\/wp\/v2\/pages\/50","targetHints":{"allow":["GET"]}}],"collection":[{"href":"https:\/\/esprityamak.com\/it\/wp-json\/wp\/v2\/pages"}],"about":[{"href":"https:\/\/esprityamak.com\/it\/wp-json\/wp\/v2\/types\/page"}],"author":[{"embeddable":true,"href":"https:\/\/esprityamak.com\/it\/wp-json\/wp\/v2\/users\/2"}],"replies":[{"embeddable":true,"href":"https:\/\/esprityamak.com\/it\/wp-json\/wp\/v2\/comments?post=50"}],"version-history":[{"count":3,"href":"https:\/\/esprityamak.com\/it\/wp-json\/wp\/v2\/pages\/50\/revisions"}],"predecessor-version":[{"id":167,"href":"https:\/\/esprityamak.com\/it\/wp-json\/wp\/v2\/pages\/50\/revisions\/167"}],"wp:featuredmedia":[{"embeddable":true,"href":"https:\/\/esprityamak.com\/it\/wp-json\/wp\/v2\/media\/38"}],"wp:attachment":[{"href":"https:\/\/esprityamak.com\/it\/wp-json\/wp\/v2\/media?parent=50"}],"curies":[{"name":"wp","href":"https:\/\/api.w.org\/{rel}","templated":true}]}}